{"id":2042,"date":"2018-03-28T15:44:57","date_gmt":"2018-03-28T13:44:57","guid":{"rendered":"https:\/\/www.camping-villeneuvelezavignon.com\/mentions-legales\/"},"modified":"2018-03-28T15:44:57","modified_gmt":"2018-03-28T13:44:57","slug":"mentions-legales","status":"publish","type":"page","link":"https:\/\/www.camping-villeneuvelezavignon.com\/en\/mentions-legales\/","title":{"rendered":"Mentions L\u00e9gales"},"content":{"rendered":"<p>[vc_row el_class=&#8221;wrap center&#8221;][vc_column][\/vc_column][\/vc_row][vc_row css=&#8221;.vc_custom_1520267780478{padding-top: 35px !important;}&#8221; el_class=&#8221;bgbeige&#8221;][vc_column][vc_row_inner el_class=&#8221;wrap center&#8221;][vc_column_inner el_class=&#8221;wrap&#8221; width=&#8221;1\/2&#8243; css=&#8221;.vc_custom_1522245818794{margin-right: 10px !important;}&#8221;][vc_column_text]<\/p>\n<div class=\"grey_color border-bottom\">\n<h2 class=\"titre center\">\u00c9DITEUR DU SITE<\/h2>\n<\/div>\n<p>VivaCamp La Laune<br \/>\nChemin St Honor\u00e9 30400 VILLENEUVE L\u00c8S AVIGNON<br \/>\nRCS 799 712 500<br \/>\nActivit\u00e9(s) exerc\u00e9e(s) : H\u00f4tellerie de plein-air.<br \/>\nDirecteur de publication : Dimitri ISABAL<br \/>\nE-mail : campinglesavignon@gmail.com[\/vc_column_text][\/vc_column_inner][vc_column_inner width=&#8221;1\/2&#8243; css=&#8221;.vc_custom_1522245826977{margin-left: 10px !important;}&#8221;][vc_column_text]<\/p>\n<h2 class=\"titre center\">R\u00c9ALISATION<\/h2>\n<div class=\"grey_color border-bottom\"><\/div>\n<p>GEEK TONIC, Repr\u00e9sent\u00e9e par M. Yohan Darmayan en sa qualit\u00e9 de G\u00e9rant<br \/>\nSi\u00e8ge social : 1 all\u00e9e Pierre Lat\u00e9co\u00e8re 64200 Biarritz<br \/>\nT\u00e9l : 05 32 74 11 52<br \/>\nE-mail : support@geek-tonic.com<br \/>\nSite web : www.tuvedlacom.com<br \/>\nSIRET : 89746755100015<br \/>\nAPE : 6201Z[\/vc_column_text][\/vc_column_inner][\/vc_row_inner][\/vc_column][\/vc_row][vc_row el_class=&#8221;wrap center&#8221; css=&#8221;.vc_custom_1522245856171{padding-top: 25px !important;}&#8221;][vc_column][vc_row_inner el_class=&#8221;wrap center&#8221;][vc_column_inner el_class=&#8221;wrap&#8221; width=&#8221;1\/2&#8243; css=&#8221;.vc_custom_1522245833870{margin-right: 10px !important;}&#8221;][vc_column_text]<\/p>\n<div class=\"grey_color border-bottom\">\n<h2 class=\"titre center\">DROITS D\u2019AUTEUR ET COPYRIGHT<\/h2>\n<\/div>\n<p>L\u2019ensemble du contenu de ce site d\u00e9pend du droit d\u2019auteur ainsi que de la propri\u00e9t\u00e9 intellectuelle de la l\u00e9gislation fran\u00e7aise<br \/>\nToute reproduction (y compris les photos, les ic\u00f4nes et les documents t\u00e9l\u00e9chargeables) est interdite sans accord pr\u00e9alable de GEEK TONIC.<br \/>\nLa reproduction sur un support \u00e9lectronique de tout ou partie du site sur un format papier ou \u00e9lectronique est prohib\u00e9e.<br \/>\nGEEK TONIC d\u00e9cline toute responsabilit\u00e9 concernant le contenu pr\u00e9sent sur le site internet.<br \/>\nGEEK TONIC d\u00e9cline \u00e9galement toute responsabilit\u00e9 quant aux liens externes pointant vers le site pr\u00e9sent.[\/vc_column_text][\/vc_column_inner][vc_column_inner width=&#8221;1\/2&#8243; css=&#8221;.vc_custom_1522245839323{margin-left: 10px !important;}&#8221;][vc_column_text]<\/p>\n<h2 class=\"titre\">DONN\u00c9ES PERSONNELLES ET INFORMATIONS NOMINATIVES<\/h2>\n<div class=\"grey_color border-bottom\"><\/div>\n<p>Vous disposez d\u2019un droit d\u2019acc\u00e8s, de modification, de rectification et de suppression des donn\u00e9es vous concernant selon l\u2019article 34 de la Loi \u00ab Informatique et Libert\u00e9s \u00bb n\u00b0 78-17 du 6 janvier 1978, modifi\u00e9e le 6 ao\u00fbt 2018.<br \/>\nPour d\u00e9ployer ce droit d\u2019acc\u00e8s, vous pouvez le faire sur simple demande \u00e9crite \u00e0 l\u2019\u00e9diteur du site.[\/vc_column_text][\/vc_column_inner][\/vc_row_inner][\/vc_column][\/vc_row][vc_row css=&#8221;.vc_custom_1520267780478{padding-top: 35px !important;}&#8221; el_class=&#8221;bgbeige&#8221;][vc_column][vc_row_inner el_class=&#8221;wrap center&#8221;][vc_column_inner el_class=&#8221;wrap&#8221;][vc_column_text]<\/p>\n<div class=\"grey_color border-bottom\">\n<h2 class=\"titre center\">L\u00c9GISLATIONS<\/h2>\n<\/div>\n<p>Selon la loi du 11 mars 1957 (art. 41) et du code de la propri\u00e9t\u00e9 intellectuelle du 1er juillet 1992, Il est interdire de reproduire partiellement ou totalement une partie quel qu\u2019elle soit du site sans autorisation pr\u00e9alable de l\u2019\u00e9diteur du site.<br \/>\nLes logos, visuels, photos, vid\u00e9os, chartes graphiques, textes sont la propri\u00e9t\u00e9 de leur d\u00e9tenteur respectif.<br \/>\nCe site peut, \u00e0 son insu, avoir \u00e9t\u00e9 reli\u00e9 \u00e0 d\u2019autres sites par le biais de liens hyperm\u00e9dia. L\u2019\u00e9diteur du site d\u00e9cline toute responsabilit\u00e9 pour les informations pr\u00e9sent\u00e9es sur ces autres sites.<br \/>\nL\u2019internaute reconna\u00eet que l\u2019utilisation de ce site est r\u00e9gi par le droit fran\u00e7ais.[\/vc_column_text][\/vc_column_inner][\/vc_row_inner][\/vc_column][\/vc_row]<\/p>\n","protected":false},"excerpt":{"rendered":"<p>[vc_row el_class=&#8221;wrap center&#8221;][vc_column][\/vc_column][\/vc_row][vc_row css=&#8221;.vc_custom_1520267780478{padding-top: 35px !important;}&#8221; el_class=&#8221;bgbeige&#8221;][vc_column][vc_row_inner el_class=&#8221;wrap center&#8221;][vc_column_inner el_class=&#8221;wrap&#8221; [&hellip;]<\/p>\n<a href=\"https:\/\/www.camping-villeneuvelezavignon.com\/en\/mentions-legales\/\">View Post<\/a>","protected":false},"author":1,"featured_media":1568,"parent":0,"menu_order":0,"comment_status":"closed","ping_status":"closed","template":"page-templates\/full.php","meta":{"_acf_changed":false,"footnotes":""},"class_list":["post-2042","page","type-page","status-publish","has-post-thumbnail","hentry"],"acf":[],"yoast_head":"<!-- This site is optimized with the Yoast SEO plugin v25.3 - https:\/\/yoast.com\/wordpress\/plugins\/seo\/ -->\n<title>Mentions L\u00e9gales - Camping Les Avignon<\/title>\n<meta name=\"robots\" content=\"index, follow, max-snippet:-1, max-image-preview:large, max-video-preview:-1\" \/>\n<link rel=\"canonical\" href=\"https:\/\/www.camping-villeneuvelezavignon.com\/en\/mentions-legales\/\" \/>\n<meta name=\"twitter:card\" content=\"summary_large_image\" \/>\n<meta name=\"twitter:title\" content=\"Mentions L\u00e9gales - Camping Les Avignon\" \/>\n<meta name=\"twitter:description\" content=\"[vc_row el_class=&#8221;wrap center&#8221;][vc_column][\/vc_column][\/vc_row][vc_row css=&#8221;.vc_custom_1520267780478{padding-top: 35px !important;}&#8221; el_class=&#8221;bgbeige&#8221;][vc_column][vc_row_inner el_class=&#8221;wrap center&#8221;][vc_column_inner el_class=&#8221;wrap&#8221; [&hellip;]\" \/>\n<meta name=\"twitter:image\" content=\"https:\/\/www.camping-villeneuvelezavignon.com\/wp-content\/uploads\/2018\/02\/camping-avec-services-gard.jpg\" \/>\n<meta name=\"twitter:label1\" content=\"Est. reading time\" \/>\n\t<meta name=\"twitter:data1\" content=\"3 minutes\" \/>\n<script type=\"application\/ld+json\" class=\"yoast-schema-graph\">{\"@context\":\"https:\/\/schema.org\",\"@graph\":[{\"@type\":\"WebPage\",\"@id\":\"https:\/\/www.camping-villeneuvelezavignon.com\/en\/mentions-legales\/\",\"url\":\"https:\/\/www.camping-villeneuvelezavignon.com\/en\/mentions-legales\/\",\"name\":\"Mentions L\u00e9gales - Camping Les Avignon\",\"isPartOf\":{\"@id\":\"https:\/\/www.camping-villeneuvelezavignon.com\/#website\"},\"primaryImageOfPage\":{\"@id\":\"https:\/\/www.camping-villeneuvelezavignon.com\/en\/mentions-legales\/#primaryimage\"},\"image\":{\"@id\":\"https:\/\/www.camping-villeneuvelezavignon.com\/en\/mentions-legales\/#primaryimage\"},\"thumbnailUrl\":\"https:\/\/www.camping-villeneuvelezavignon.com\/wp-content\/uploads\/2018\/02\/camping-avec-services-gard.jpg\",\"datePublished\":\"2018-03-28T13:44:57+00:00\",\"breadcrumb\":{\"@id\":\"https:\/\/www.camping-villeneuvelezavignon.com\/en\/mentions-legales\/#breadcrumb\"},\"inLanguage\":\"en-US\",\"potentialAction\":[{\"@type\":\"ReadAction\",\"target\":[\"https:\/\/www.camping-villeneuvelezavignon.com\/en\/mentions-legales\/\"]}]},{\"@type\":\"ImageObject\",\"inLanguage\":\"en-US\",\"@id\":\"https:\/\/www.camping-villeneuvelezavignon.com\/en\/mentions-legales\/#primaryimage\",\"url\":\"https:\/\/www.camping-villeneuvelezavignon.com\/wp-content\/uploads\/2018\/02\/camping-avec-services-gard.jpg\",\"contentUrl\":\"https:\/\/www.camping-villeneuvelezavignon.com\/wp-content\/uploads\/2018\/02\/camping-avec-services-gard.jpg\",\"width\":1440,\"height\":500},{\"@type\":\"BreadcrumbList\",\"@id\":\"https:\/\/www.camping-villeneuvelezavignon.com\/en\/mentions-legales\/#breadcrumb\",\"itemListElement\":[{\"@type\":\"ListItem\",\"position\":1,\"name\":\"Camping Avignon\",\"item\":\"https:\/\/www.camping-villeneuvelezavignon.com\/en\/\"},{\"@type\":\"ListItem\",\"position\":2,\"name\":\"Mentions L\u00e9gales\"}]},{\"@type\":\"WebSite\",\"@id\":\"https:\/\/www.camping-villeneuvelezavignon.com\/#website\",\"url\":\"https:\/\/www.camping-villeneuvelezavignon.com\/\",\"name\":\"Camping Les Avignon\",\"description\":\"\",\"potentialAction\":[{\"@type\":\"SearchAction\",\"target\":{\"@type\":\"EntryPoint\",\"urlTemplate\":\"https:\/\/www.camping-villeneuvelezavignon.com\/?s={search_term_string}\"},\"query-input\":{\"@type\":\"PropertyValueSpecification\",\"valueRequired\":true,\"valueName\":\"search_term_string\"}}],\"inLanguage\":\"en-US\"}]}<\/script>\n<!-- \/ Yoast SEO plugin. -->","yoast_head_json":{"title":"Mentions L\u00e9gales - Camping Les Avignon","robots":{"index":"index","follow":"follow","max-snippet":"max-snippet:-1","max-image-preview":"max-image-preview:large","max-video-preview":"max-video-preview:-1"},"canonical":"https:\/\/www.camping-villeneuvelezavignon.com\/en\/mentions-legales\/","twitter_card":"summary_large_image","twitter_title":"Mentions L\u00e9gales - Camping Les Avignon","twitter_description":"[vc_row el_class=&#8221;wrap center&#8221;][vc_column][\/vc_column][\/vc_row][vc_row css=&#8221;.vc_custom_1520267780478{padding-top: 35px !important;}&#8221; el_class=&#8221;bgbeige&#8221;][vc_column][vc_row_inner el_class=&#8221;wrap center&#8221;][vc_column_inner el_class=&#8221;wrap&#8221; [&hellip;]","twitter_image":"https:\/\/www.camping-villeneuvelezavignon.com\/wp-content\/uploads\/2018\/02\/camping-avec-services-gard.jpg","twitter_misc":{"Est. reading time":"3 minutes"},"schema":{"@context":"https:\/\/schema.org","@graph":[{"@type":"WebPage","@id":"https:\/\/www.camping-villeneuvelezavignon.com\/en\/mentions-legales\/","url":"https:\/\/www.camping-villeneuvelezavignon.com\/en\/mentions-legales\/","name":"Mentions L\u00e9gales - Camping Les Avignon","isPartOf":{"@id":"https:\/\/www.camping-villeneuvelezavignon.com\/#website"},"primaryImageOfPage":{"@id":"https:\/\/www.camping-villeneuvelezavignon.com\/en\/mentions-legales\/#primaryimage"},"image":{"@id":"https:\/\/www.camping-villeneuvelezavignon.com\/en\/mentions-legales\/#primaryimage"},"thumbnailUrl":"https:\/\/www.camping-villeneuvelezavignon.com\/wp-content\/uploads\/2018\/02\/camping-avec-services-gard.jpg","datePublished":"2018-03-28T13:44:57+00:00","breadcrumb":{"@id":"https:\/\/www.camping-villeneuvelezavignon.com\/en\/mentions-legales\/#breadcrumb"},"inLanguage":"en-US","potentialAction":[{"@type":"ReadAction","target":["https:\/\/www.camping-villeneuvelezavignon.com\/en\/mentions-legales\/"]}]},{"@type":"ImageObject","inLanguage":"en-US","@id":"https:\/\/www.camping-villeneuvelezavignon.com\/en\/mentions-legales\/#primaryimage","url":"https:\/\/www.camping-villeneuvelezavignon.com\/wp-content\/uploads\/2018\/02\/camping-avec-services-gard.jpg","contentUrl":"https:\/\/www.camping-villeneuvelezavignon.com\/wp-content\/uploads\/2018\/02\/camping-avec-services-gard.jpg","width":1440,"height":500},{"@type":"BreadcrumbList","@id":"https:\/\/www.camping-villeneuvelezavignon.com\/en\/mentions-legales\/#breadcrumb","itemListElement":[{"@type":"ListItem","position":1,"name":"Camping Avignon","item":"https:\/\/www.camping-villeneuvelezavignon.com\/en\/"},{"@type":"ListItem","position":2,"name":"Mentions L\u00e9gales"}]},{"@type":"WebSite","@id":"https:\/\/www.camping-villeneuvelezavignon.com\/#website","url":"https:\/\/www.camping-villeneuvelezavignon.com\/","name":"Camping Les Avignon","description":"","potentialAction":[{"@type":"SearchAction","target":{"@type":"EntryPoint","urlTemplate":"https:\/\/www.camping-villeneuvelezavignon.com\/?s={search_term_string}"},"query-input":{"@type":"PropertyValueSpecification","valueRequired":true,"valueName":"search_term_string"}}],"inLanguage":"en-US"}]}},"_links":{"self":[{"href":"https:\/\/www.camping-villeneuvelezavignon.com\/en\/wp-json\/wp\/v2\/pages\/2042"}],"collection":[{"href":"https:\/\/www.camping-villeneuvelezavignon.com\/en\/wp-json\/wp\/v2\/pages"}],"about":[{"href":"https:\/\/www.camping-villeneuvelezavignon.com\/en\/wp-json\/wp\/v2\/types\/page"}],"author":[{"embeddable":true,"href":"https:\/\/www.camping-villeneuvelezavignon.com\/en\/wp-json\/wp\/v2\/users\/1"}],"replies":[{"embeddable":true,"href":"https:\/\/www.camping-villeneuvelezavignon.com\/en\/wp-json\/wp\/v2\/comments?post=2042"}],"version-history":[{"count":0,"href":"https:\/\/www.camping-villeneuvelezavignon.com\/en\/wp-json\/wp\/v2\/pages\/2042\/revisions"}],"wp:featuredmedia":[{"embeddable":true,"href":"https:\/\/www.camping-villeneuvelezavignon.com\/en\/wp-json\/wp\/v2\/media\/1568"}],"wp:attachment":[{"href":"https:\/\/www.camping-villeneuvelezavignon.com\/en\/wp-json\/wp\/v2\/media?parent=2042"}],"curies":[{"name":"wp","href":"https:\/\/api.w.org\/{rel}","templated":true}]}}