{"id":491,"date":"2018-03-22T17:23:07","date_gmt":"2018-03-22T16:23:07","guid":{"rendered":"http:\/\/www.camping-villeneuvelezavignon.com\/unterkunfte\/location-cottage-confort-6pers-avignon\/"},"modified":"2024-01-18T12:12:57","modified_gmt":"2024-01-18T11:12:57","slug":"vermietung-ferienhaus-komfort-6p-avignon","status":"publish","type":"page","link":"https:\/\/www.camping-villeneuvelezavignon.com\/de\/unterkunfte\/vermietung-ferienhaus-komfort-6p-avignon\/","title":{"rendered":"Cottage Confort 6 Personen Avignon"},"content":{"rendered":"<p>[vc_row el_class=&#8220;wrap center&#8220;][vc_column][vc_column_text]Das \u201eCottage Confort\u201c ist ein helles Mobilheim, das Ihnen maximalen Komfort garantiert. Ausgestattet mit Klimaanlage und 3 Schlafzimmern, ist es perfekt f\u00fcr einen erholsamen Familienurlaub.<br \/>\nDiese Unterkunft ist dank Fl\u00fcgelt\u00fcr und Glas-Eingangst\u00fcr angenehm lichtdurchflutet und kann bis zu 6 Personen beherbergen.[\/vc_column_text][\/vc_column][\/vc_row][vc_row css=&#8220;.vc_custom_1521736121424{margin-bottom: 20px !important;padding-top: 35px !important;}&#8220; el_class=&#8220;bgbeige&#8220;][vc_column][vc_row_inner content_placement=&#8220;middle&#8220; el_class=&#8220;wrap center&#8220;][vc_column_inner width=&#8220;1\/2&#8243;][vc_column_text]<\/p>\n<ul>\n<li>Fl\u00e4che: 32 m\u00b2 + \u00fcberdachte Terrasse<\/li>\n<li>Anzahl Personen: 6<\/li>\n<li>3 Schlafzimmer: 1 Schlafzimmer mit Doppelbett \/ 1 Zimmer mit 2 Einzelbetten \/ 1 Zimmer mit ausziehbarem Bett<\/li>\n<li>1 K\u00fcche ausgestattet mit: Geschirr, K\u00fchlschrank, Herdplatten, Mikrowelle<\/li>\n<li>Bad \/ WC<\/li>\n<li>Tisch und St\u00fchle<\/li>\n<li>Kissen und Decken inklusive<\/li>\n<li>Gas, Wasser und Strom inklusive<\/li>\n<li>Haustiere erlaubt<\/li>\n<li>Parken: auf dem Standort in der N\u00e4he das Mobilheims<\/li>\n<\/ul>\n<p>[\/vc_column_text][\/vc_column_inner][vc_column_inner width=&#8220;1\/2&#8243; css=&#8220;.vc_custom_1520267335605{margin-right: 35px !important;margin-left: 35px !important;}&#8220;][vc_single_image image=&#8220;1421&#8243; img_size=&#8220;full&#8220;][\/vc_column_inner][\/vc_row_inner][vc_row_inner el_class=&#8220;wrap center&#8220;][vc_column_inner width=&#8220;1\/3&#8243;][vc_single_image image=&#8220;1457&#8243; img_size=&#8220;full&#8220;][\/vc_column_inner][vc_column_inner width=&#8220;1\/3&#8243;][vc_single_image image=&#8220;1466&#8243; img_size=&#8220;full&#8220;][\/vc_column_inner][vc_column_inner width=&#8220;1\/3&#8243;][vc_single_image image=&#8220;1461&#8243; img_size=&#8220;full&#8220;][\/vc_column_inner][\/vc_row_inner][\/vc_column][\/vc_row][vc_row el_class=&#8220;wrap center&#8220;][vc_column][vc_raw_html]JTNDdGhyLXNpbXBsZWJsb2NrJTIwY2F0ZWdvcmllcyUzRCUyMiU1QjUlNUQlMjIlMjBzZWFyY2gtdHlwZSUzRCUyMjElMjIlM0UlM0MlMkZ0aHItc2ltcGxlYmxvY2slM0U=[\/vc_raw_html][\/vc_column][\/vc_row]<\/p>\n","protected":false},"excerpt":{"rendered":"<p>[vc_row el_class=&#8220;wrap center&#8220;][vc_column][vc_column_text]Das \u201eCottage Confort\u201c ist ein helles Mobilheim, das [&hellip;]<\/p>\n<a href=\"https:\/\/www.camping-villeneuvelezavignon.com\/de\/unterkunfte\/vermietung-ferienhaus-komfort-6p-avignon\/\">View Post<\/a>","protected":false},"author":1,"featured_media":1792,"parent":434,"menu_order":0,"comment_status":"closed","ping_status":"closed","template":"page-templates\/page-soeur-locatif.php","meta":{"_acf_changed":false,"footnotes":""},"class_list":["post-491","page","type-page","status-publish","has-post-thumbnail","hentry"],"acf":[],"yoast_head":"<!-- This site is optimized with the Yoast SEO plugin v25.3 - https:\/\/yoast.com\/wordpress\/plugins\/seo\/ -->\n<title>Vermietung Cottage Confort 6 Personen in Avignon, in der Region Gard<\/title>\n<meta name=\"robots\" content=\"index, follow, max-snippet:-1, max-image-preview:large, max-video-preview:-1\" \/>\n<link rel=\"canonical\" href=\"https:\/\/www.camping-villeneuvelezavignon.com\/de\/unterkunfte\/vermietung-ferienhaus-komfort-6p-avignon\/\" \/>\n<meta name=\"twitter:card\" content=\"summary_large_image\" \/>\n<meta name=\"twitter:title\" content=\"Vermietung Cottage Confort 6 Personen in Avignon, in der Region Gard\" \/>\n<meta name=\"twitter:description\" content=\"[vc_row el_class=&#8220;wrap center&#8220;][vc_column][vc_column_text]Das \u201eCottage Confort\u201c ist ein helles Mobilheim, das [&hellip;]\" \/>\n<meta name=\"twitter:image\" content=\"https:\/\/www.camping-villeneuvelezavignon.com\/wp-content\/uploads\/2020\/01\/Camping-Lez-Avignon-05-2018-39.jpg\" \/>\n<meta name=\"twitter:label1\" content=\"Gesch\u00e4tzte Lesezeit\" \/>\n\t<meta name=\"twitter:data1\" content=\"1\u00a0Minute\" \/>\n<script type=\"application\/ld+json\" class=\"yoast-schema-graph\">{\"@context\":\"https:\/\/schema.org\",\"@graph\":[{\"@type\":\"WebPage\",\"@id\":\"https:\/\/www.camping-villeneuvelezavignon.com\/de\/unterkunfte\/vermietung-ferienhaus-komfort-6p-avignon\/\",\"url\":\"https:\/\/www.camping-villeneuvelezavignon.com\/de\/unterkunfte\/vermietung-ferienhaus-komfort-6p-avignon\/\",\"name\":\"Vermietung Cottage Confort 6 Personen in Avignon, in der Region Gard\",\"isPartOf\":{\"@id\":\"https:\/\/www.camping-villeneuvelezavignon.com\/#website\"},\"primaryImageOfPage\":{\"@id\":\"https:\/\/www.camping-villeneuvelezavignon.com\/de\/unterkunfte\/vermietung-ferienhaus-komfort-6p-avignon\/#primaryimage\"},\"image\":{\"@id\":\"https:\/\/www.camping-villeneuvelezavignon.com\/de\/unterkunfte\/vermietung-ferienhaus-komfort-6p-avignon\/#primaryimage\"},\"thumbnailUrl\":\"https:\/\/www.camping-villeneuvelezavignon.com\/wp-content\/uploads\/2020\/01\/Camping-Lez-Avignon-05-2018-39.jpg\",\"datePublished\":\"2018-03-22T16:23:07+00:00\",\"dateModified\":\"2024-01-18T11:12:57+00:00\",\"breadcrumb\":{\"@id\":\"https:\/\/www.camping-villeneuvelezavignon.com\/de\/unterkunfte\/vermietung-ferienhaus-komfort-6p-avignon\/#breadcrumb\"},\"inLanguage\":\"de\",\"potentialAction\":[{\"@type\":\"ReadAction\",\"target\":[\"https:\/\/www.camping-villeneuvelezavignon.com\/de\/unterkunfte\/vermietung-ferienhaus-komfort-6p-avignon\/\"]}]},{\"@type\":\"ImageObject\",\"inLanguage\":\"de\",\"@id\":\"https:\/\/www.camping-villeneuvelezavignon.com\/de\/unterkunfte\/vermietung-ferienhaus-komfort-6p-avignon\/#primaryimage\",\"url\":\"https:\/\/www.camping-villeneuvelezavignon.com\/wp-content\/uploads\/2020\/01\/Camping-Lez-Avignon-05-2018-39.jpg\",\"contentUrl\":\"https:\/\/www.camping-villeneuvelezavignon.com\/wp-content\/uploads\/2020\/01\/Camping-Lez-Avignon-05-2018-39.jpg\",\"width\":2560,\"height\":1707,\"caption\":\"cottage-confort\"},{\"@type\":\"BreadcrumbList\",\"@id\":\"https:\/\/www.camping-villeneuvelezavignon.com\/de\/unterkunfte\/vermietung-ferienhaus-komfort-6p-avignon\/#breadcrumb\",\"itemListElement\":[{\"@type\":\"ListItem\",\"position\":1,\"name\":\"Camping Avignon\",\"item\":\"https:\/\/www.camping-villeneuvelezavignon.com\/de\/\"},{\"@type\":\"ListItem\",\"position\":2,\"name\":\"Unterk\u00fcnfte\",\"item\":\"https:\/\/www.camping-villeneuvelezavignon.com\/de\/unterkunfte\/\"},{\"@type\":\"ListItem\",\"position\":3,\"name\":\"Cottage Confort 6 Personen Avignon\"}]},{\"@type\":\"WebSite\",\"@id\":\"https:\/\/www.camping-villeneuvelezavignon.com\/#website\",\"url\":\"https:\/\/www.camping-villeneuvelezavignon.com\/\",\"name\":\"Camping Les Avignon\",\"description\":\"\",\"potentialAction\":[{\"@type\":\"SearchAction\",\"target\":{\"@type\":\"EntryPoint\",\"urlTemplate\":\"https:\/\/www.camping-villeneuvelezavignon.com\/?s={search_term_string}\"},\"query-input\":{\"@type\":\"PropertyValueSpecification\",\"valueRequired\":true,\"valueName\":\"search_term_string\"}}],\"inLanguage\":\"de\"}]}<\/script>\n<!-- \/ Yoast SEO plugin. -->","yoast_head_json":{"title":"Vermietung Cottage Confort 6 Personen in Avignon, in der Region Gard","robots":{"index":"index","follow":"follow","max-snippet":"max-snippet:-1","max-image-preview":"max-image-preview:large","max-video-preview":"max-video-preview:-1"},"canonical":"https:\/\/www.camping-villeneuvelezavignon.com\/de\/unterkunfte\/vermietung-ferienhaus-komfort-6p-avignon\/","twitter_card":"summary_large_image","twitter_title":"Vermietung Cottage Confort 6 Personen in Avignon, in der Region Gard","twitter_description":"[vc_row el_class=&#8220;wrap center&#8220;][vc_column][vc_column_text]Das \u201eCottage Confort\u201c ist ein helles Mobilheim, das [&hellip;]","twitter_image":"https:\/\/www.camping-villeneuvelezavignon.com\/wp-content\/uploads\/2020\/01\/Camping-Lez-Avignon-05-2018-39.jpg","twitter_misc":{"Gesch\u00e4tzte Lesezeit":"1\u00a0Minute"},"schema":{"@context":"https:\/\/schema.org","@graph":[{"@type":"WebPage","@id":"https:\/\/www.camping-villeneuvelezavignon.com\/de\/unterkunfte\/vermietung-ferienhaus-komfort-6p-avignon\/","url":"https:\/\/www.camping-villeneuvelezavignon.com\/de\/unterkunfte\/vermietung-ferienhaus-komfort-6p-avignon\/","name":"Vermietung Cottage Confort 6 Personen in Avignon, in der Region Gard","isPartOf":{"@id":"https:\/\/www.camping-villeneuvelezavignon.com\/#website"},"primaryImageOfPage":{"@id":"https:\/\/www.camping-villeneuvelezavignon.com\/de\/unterkunfte\/vermietung-ferienhaus-komfort-6p-avignon\/#primaryimage"},"image":{"@id":"https:\/\/www.camping-villeneuvelezavignon.com\/de\/unterkunfte\/vermietung-ferienhaus-komfort-6p-avignon\/#primaryimage"},"thumbnailUrl":"https:\/\/www.camping-villeneuvelezavignon.com\/wp-content\/uploads\/2020\/01\/Camping-Lez-Avignon-05-2018-39.jpg","datePublished":"2018-03-22T16:23:07+00:00","dateModified":"2024-01-18T11:12:57+00:00","breadcrumb":{"@id":"https:\/\/www.camping-villeneuvelezavignon.com\/de\/unterkunfte\/vermietung-ferienhaus-komfort-6p-avignon\/#breadcrumb"},"inLanguage":"de","potentialAction":[{"@type":"ReadAction","target":["https:\/\/www.camping-villeneuvelezavignon.com\/de\/unterkunfte\/vermietung-ferienhaus-komfort-6p-avignon\/"]}]},{"@type":"ImageObject","inLanguage":"de","@id":"https:\/\/www.camping-villeneuvelezavignon.com\/de\/unterkunfte\/vermietung-ferienhaus-komfort-6p-avignon\/#primaryimage","url":"https:\/\/www.camping-villeneuvelezavignon.com\/wp-content\/uploads\/2020\/01\/Camping-Lez-Avignon-05-2018-39.jpg","contentUrl":"https:\/\/www.camping-villeneuvelezavignon.com\/wp-content\/uploads\/2020\/01\/Camping-Lez-Avignon-05-2018-39.jpg","width":2560,"height":1707,"caption":"cottage-confort"},{"@type":"BreadcrumbList","@id":"https:\/\/www.camping-villeneuvelezavignon.com\/de\/unterkunfte\/vermietung-ferienhaus-komfort-6p-avignon\/#breadcrumb","itemListElement":[{"@type":"ListItem","position":1,"name":"Camping Avignon","item":"https:\/\/www.camping-villeneuvelezavignon.com\/de\/"},{"@type":"ListItem","position":2,"name":"Unterk\u00fcnfte","item":"https:\/\/www.camping-villeneuvelezavignon.com\/de\/unterkunfte\/"},{"@type":"ListItem","position":3,"name":"Cottage Confort 6 Personen Avignon"}]},{"@type":"WebSite","@id":"https:\/\/www.camping-villeneuvelezavignon.com\/#website","url":"https:\/\/www.camping-villeneuvelezavignon.com\/","name":"Camping Les Avignon","description":"","potentialAction":[{"@type":"SearchAction","target":{"@type":"EntryPoint","urlTemplate":"https:\/\/www.camping-villeneuvelezavignon.com\/?s={search_term_string}"},"query-input":{"@type":"PropertyValueSpecification","valueRequired":true,"valueName":"search_term_string"}}],"inLanguage":"de"}]}},"_links":{"self":[{"href":"https:\/\/www.camping-villeneuvelezavignon.com\/de\/wp-json\/wp\/v2\/pages\/491"}],"collection":[{"href":"https:\/\/www.camping-villeneuvelezavignon.com\/de\/wp-json\/wp\/v2\/pages"}],"about":[{"href":"https:\/\/www.camping-villeneuvelezavignon.com\/de\/wp-json\/wp\/v2\/types\/page"}],"author":[{"embeddable":true,"href":"https:\/\/www.camping-villeneuvelezavignon.com\/de\/wp-json\/wp\/v2\/users\/1"}],"replies":[{"embeddable":true,"href":"https:\/\/www.camping-villeneuvelezavignon.com\/de\/wp-json\/wp\/v2\/comments?post=491"}],"version-history":[{"count":8,"href":"https:\/\/www.camping-villeneuvelezavignon.com\/de\/wp-json\/wp\/v2\/pages\/491\/revisions"}],"predecessor-version":[{"id":2609,"href":"https:\/\/www.camping-villeneuvelezavignon.com\/de\/wp-json\/wp\/v2\/pages\/491\/revisions\/2609"}],"up":[{"embeddable":true,"href":"https:\/\/www.camping-villeneuvelezavignon.com\/de\/wp-json\/wp\/v2\/pages\/434"}],"wp:featuredmedia":[{"embeddable":true,"href":"https:\/\/www.camping-villeneuvelezavignon.com\/de\/wp-json\/wp\/v2\/media\/1792"}],"wp:attachment":[{"href":"https:\/\/www.camping-villeneuvelezavignon.com\/de\/wp-json\/wp\/v2\/media?parent=491"}],"curies":[{"name":"wp","href":"https:\/\/api.w.org\/{rel}","templated":true}]}}