{"id":479,"date":"2018-03-14T07:53:22","date_gmt":"2018-03-14T06:53:22","guid":{"rendered":"http:\/\/www.camping-villeneuvelezavignon.com\/unterkunfte\/cottage-residence-avignon\/"},"modified":"2024-01-18T12:10:54","modified_gmt":"2024-01-18T11:10:54","slug":"ferienhausresidenz-avignon","status":"publish","type":"page","link":"https:\/\/www.camping-villeneuvelezavignon.com\/de\/unterkunfte\/ferienhausresidenz-avignon\/","title":{"rendered":"Ferienhausresidenz Avignon"},"content":{"rendered":"<p>[vc_row el_class=&#8220;wrap center&#8220;][vc_column][vc_column_text]Das \u201eCottage R\u00e9sidence\u201c ist ein ansprechend gestaltetes, komfortables Mobilheim.<br \/>\nIm Herzen des Campingplatzes gelegen und ideal f\u00fcr einen erholsamen Urlaub. Mit zwei Schlafzimmern, einer \u00fcberdachten Terrasse und einer K\u00fcche ist es perfekt geeignet f\u00fcr Aufenthalte mit der Familie oder Freunden.<br \/>\nDie Standorte, an denen die Mobilheime sich befinden, sind gro\u00dfz\u00fcgig geschnitten und erm\u00f6glichen es Ihnen, die umliegende Natur in vollen Z\u00fcgen zu genie\u00dfen.[\/vc_column_text][\/vc_column][\/vc_row][vc_row css=&#8220;.vc_custom_1521736121424{margin-bottom: 20px !important;padding-top: 35px !important;}&#8220; el_class=&#8220;bgbeige&#8220;][vc_column][vc_row_inner content_placement=&#8220;middle&#8220; el_class=&#8220;wrap center&#8220;][vc_column_inner width=&#8220;1\/2&#8243;][vc_column_text]<\/p>\n<ul>\n<li>Surface\u00a0: 26m\u00b2 + terrasse couverte<\/li>\n<li>Anzahl Personen: 4<\/li>\n<li>2 Schlafzimmer: 1 Schlafzimmer mit Doppelbett \/ 1 Schlafzimmer mit zwei Einzelbetten<\/li>\n<li>1 K\u00fcche ausgestattet mit: Geschirr, K\u00fchlschrank, Herdplatten, Mikrowelle<\/li>\n<li>Bad \/ WC<\/li>\n<li>Tisch und St\u00fchle<\/li>\n<li>Kissen und Decken inklusive<\/li>\n<li>Gas, Wasser und Strom inklusive<\/li>\n<li>Haustiere erlaubt<\/li>\n<li>Parken: auf dem Standort in der N\u00e4he das Mobilheims<\/li>\n<\/ul>\n<p>[\/vc_column_text][\/vc_column_inner][vc_column_inner width=&#8220;1\/2&#8243; css=&#8220;.vc_custom_1520267335605{margin-right: 35px !important;margin-left: 35px !important;}&#8220;][vc_single_image image=&#8220;1411&#8243; img_size=&#8220;full&#8220;][\/vc_column_inner][\/vc_row_inner][vc_row_inner el_class=&#8220;wrap center&#8220;][vc_column_inner width=&#8220;1\/3&#8243;][vc_single_image image=&#8220;1325&#8243; img_size=&#8220;full&#8220;][\/vc_column_inner][vc_column_inner width=&#8220;1\/3&#8243;][vc_single_image image=&#8220;1330&#8243; img_size=&#8220;full&#8220;][\/vc_column_inner][vc_column_inner width=&#8220;1\/3&#8243;][vc_single_image image=&#8220;1334&#8243; img_size=&#8220;full&#8220;][\/vc_column_inner][\/vc_row_inner][\/vc_column][\/vc_row][vc_row el_class=&#8220;wrap center&#8220;][vc_column][vc_raw_html]JTNDdGhyLXNpbXBsZWJsb2NrJTIwY2F0ZWdvcmllcyUzRCUyMiU1QjQlNUQlMjIlMjBzZWFyY2gtdHlwZSUzRCUyMjElMjIlM0UlM0MlMkZ0aHItc2ltcGxlYmxvY2slM0U=[\/vc_raw_html][\/vc_column][\/vc_row]<\/p>\n","protected":false},"excerpt":{"rendered":"<p>[vc_row el_class=&#8220;wrap center&#8220;][vc_column][vc_column_text]Das \u201eCottage R\u00e9sidence\u201c ist ein ansprechend gestaltetes, komfortables [&hellip;]<\/p>\n<a href=\"https:\/\/www.camping-villeneuvelezavignon.com\/de\/unterkunfte\/ferienhausresidenz-avignon\/\">View Post<\/a>","protected":false},"author":1,"featured_media":2550,"parent":434,"menu_order":0,"comment_status":"closed","ping_status":"closed","template":"page-templates\/page-soeur-locatif.php","meta":{"_acf_changed":false,"footnotes":""},"class_list":["post-479","page","type-page","status-publish","has-post-thumbnail","hentry"],"acf":[],"yoast_head":"<!-- This site is optimized with the Yoast SEO plugin v25.3 - https:\/\/yoast.com\/wordpress\/plugins\/seo\/ -->\n<title>Miete Ferienhaus 4 Personen in Avignon | Miete Ferienhaus Gard<\/title>\n<meta name=\"robots\" content=\"index, follow, max-snippet:-1, max-image-preview:large, max-video-preview:-1\" \/>\n<link rel=\"canonical\" href=\"https:\/\/www.camping-villeneuvelezavignon.com\/de\/unterkunfte\/ferienhausresidenz-avignon\/\" \/>\n<meta name=\"twitter:card\" content=\"summary_large_image\" \/>\n<meta name=\"twitter:title\" content=\"Miete Ferienhaus 4 Personen in Avignon | Miete Ferienhaus Gard\" \/>\n<meta name=\"twitter:description\" content=\"[vc_row el_class=&#8220;wrap center&#8220;][vc_column][vc_column_text]Das \u201eCottage R\u00e9sidence\u201c ist ein ansprechend gestaltetes, komfortables [&hellip;]\" \/>\n<meta name=\"twitter:image\" content=\"https:\/\/www.camping-villeneuvelezavignon.com\/wp-content\/uploads\/2023\/12\/Avignon-11-05-2023-17-1.png\" \/>\n<meta name=\"twitter:label1\" content=\"Gesch\u00e4tzte Lesezeit\" \/>\n\t<meta name=\"twitter:data1\" content=\"1\u00a0Minute\" \/>\n<script type=\"application\/ld+json\" class=\"yoast-schema-graph\">{\"@context\":\"https:\/\/schema.org\",\"@graph\":[{\"@type\":\"WebPage\",\"@id\":\"https:\/\/www.camping-villeneuvelezavignon.com\/de\/unterkunfte\/ferienhausresidenz-avignon\/\",\"url\":\"https:\/\/www.camping-villeneuvelezavignon.com\/de\/unterkunfte\/ferienhausresidenz-avignon\/\",\"name\":\"Miete Ferienhaus 4 Personen in Avignon | Miete Ferienhaus Gard\",\"isPartOf\":{\"@id\":\"https:\/\/www.camping-villeneuvelezavignon.com\/#website\"},\"primaryImageOfPage\":{\"@id\":\"https:\/\/www.camping-villeneuvelezavignon.com\/de\/unterkunfte\/ferienhausresidenz-avignon\/#primaryimage\"},\"image\":{\"@id\":\"https:\/\/www.camping-villeneuvelezavignon.com\/de\/unterkunfte\/ferienhausresidenz-avignon\/#primaryimage\"},\"thumbnailUrl\":\"https:\/\/www.camping-villeneuvelezavignon.com\/wp-content\/uploads\/2023\/12\/Avignon-11-05-2023-17-1.png\",\"datePublished\":\"2018-03-14T06:53:22+00:00\",\"dateModified\":\"2024-01-18T11:10:54+00:00\",\"breadcrumb\":{\"@id\":\"https:\/\/www.camping-villeneuvelezavignon.com\/de\/unterkunfte\/ferienhausresidenz-avignon\/#breadcrumb\"},\"inLanguage\":\"de\",\"potentialAction\":[{\"@type\":\"ReadAction\",\"target\":[\"https:\/\/www.camping-villeneuvelezavignon.com\/de\/unterkunfte\/ferienhausresidenz-avignon\/\"]}]},{\"@type\":\"ImageObject\",\"inLanguage\":\"de\",\"@id\":\"https:\/\/www.camping-villeneuvelezavignon.com\/de\/unterkunfte\/ferienhausresidenz-avignon\/#primaryimage\",\"url\":\"https:\/\/www.camping-villeneuvelezavignon.com\/wp-content\/uploads\/2023\/12\/Avignon-11-05-2023-17-1.png\",\"contentUrl\":\"https:\/\/www.camping-villeneuvelezavignon.com\/wp-content\/uploads\/2023\/12\/Avignon-11-05-2023-17-1.png\",\"width\":3000,\"height\":2000},{\"@type\":\"BreadcrumbList\",\"@id\":\"https:\/\/www.camping-villeneuvelezavignon.com\/de\/unterkunfte\/ferienhausresidenz-avignon\/#breadcrumb\",\"itemListElement\":[{\"@type\":\"ListItem\",\"position\":1,\"name\":\"Camping Avignon\",\"item\":\"https:\/\/www.camping-villeneuvelezavignon.com\/de\/\"},{\"@type\":\"ListItem\",\"position\":2,\"name\":\"Unterk\u00fcnfte\",\"item\":\"https:\/\/www.camping-villeneuvelezavignon.com\/de\/unterkunfte\/\"},{\"@type\":\"ListItem\",\"position\":3,\"name\":\"Ferienhausresidenz Avignon\"}]},{\"@type\":\"WebSite\",\"@id\":\"https:\/\/www.camping-villeneuvelezavignon.com\/#website\",\"url\":\"https:\/\/www.camping-villeneuvelezavignon.com\/\",\"name\":\"Camping Les Avignon\",\"description\":\"\",\"potentialAction\":[{\"@type\":\"SearchAction\",\"target\":{\"@type\":\"EntryPoint\",\"urlTemplate\":\"https:\/\/www.camping-villeneuvelezavignon.com\/?s={search_term_string}\"},\"query-input\":{\"@type\":\"PropertyValueSpecification\",\"valueRequired\":true,\"valueName\":\"search_term_string\"}}],\"inLanguage\":\"de\"}]}<\/script>\n<!-- \/ Yoast SEO plugin. -->","yoast_head_json":{"title":"Miete Ferienhaus 4 Personen in Avignon | Miete Ferienhaus Gard","robots":{"index":"index","follow":"follow","max-snippet":"max-snippet:-1","max-image-preview":"max-image-preview:large","max-video-preview":"max-video-preview:-1"},"canonical":"https:\/\/www.camping-villeneuvelezavignon.com\/de\/unterkunfte\/ferienhausresidenz-avignon\/","twitter_card":"summary_large_image","twitter_title":"Miete Ferienhaus 4 Personen in Avignon | Miete Ferienhaus Gard","twitter_description":"[vc_row el_class=&#8220;wrap center&#8220;][vc_column][vc_column_text]Das \u201eCottage R\u00e9sidence\u201c ist ein ansprechend gestaltetes, komfortables [&hellip;]","twitter_image":"https:\/\/www.camping-villeneuvelezavignon.com\/wp-content\/uploads\/2023\/12\/Avignon-11-05-2023-17-1.png","twitter_misc":{"Gesch\u00e4tzte Lesezeit":"1\u00a0Minute"},"schema":{"@context":"https:\/\/schema.org","@graph":[{"@type":"WebPage","@id":"https:\/\/www.camping-villeneuvelezavignon.com\/de\/unterkunfte\/ferienhausresidenz-avignon\/","url":"https:\/\/www.camping-villeneuvelezavignon.com\/de\/unterkunfte\/ferienhausresidenz-avignon\/","name":"Miete Ferienhaus 4 Personen in Avignon | Miete Ferienhaus Gard","isPartOf":{"@id":"https:\/\/www.camping-villeneuvelezavignon.com\/#website"},"primaryImageOfPage":{"@id":"https:\/\/www.camping-villeneuvelezavignon.com\/de\/unterkunfte\/ferienhausresidenz-avignon\/#primaryimage"},"image":{"@id":"https:\/\/www.camping-villeneuvelezavignon.com\/de\/unterkunfte\/ferienhausresidenz-avignon\/#primaryimage"},"thumbnailUrl":"https:\/\/www.camping-villeneuvelezavignon.com\/wp-content\/uploads\/2023\/12\/Avignon-11-05-2023-17-1.png","datePublished":"2018-03-14T06:53:22+00:00","dateModified":"2024-01-18T11:10:54+00:00","breadcrumb":{"@id":"https:\/\/www.camping-villeneuvelezavignon.com\/de\/unterkunfte\/ferienhausresidenz-avignon\/#breadcrumb"},"inLanguage":"de","potentialAction":[{"@type":"ReadAction","target":["https:\/\/www.camping-villeneuvelezavignon.com\/de\/unterkunfte\/ferienhausresidenz-avignon\/"]}]},{"@type":"ImageObject","inLanguage":"de","@id":"https:\/\/www.camping-villeneuvelezavignon.com\/de\/unterkunfte\/ferienhausresidenz-avignon\/#primaryimage","url":"https:\/\/www.camping-villeneuvelezavignon.com\/wp-content\/uploads\/2023\/12\/Avignon-11-05-2023-17-1.png","contentUrl":"https:\/\/www.camping-villeneuvelezavignon.com\/wp-content\/uploads\/2023\/12\/Avignon-11-05-2023-17-1.png","width":3000,"height":2000},{"@type":"BreadcrumbList","@id":"https:\/\/www.camping-villeneuvelezavignon.com\/de\/unterkunfte\/ferienhausresidenz-avignon\/#breadcrumb","itemListElement":[{"@type":"ListItem","position":1,"name":"Camping Avignon","item":"https:\/\/www.camping-villeneuvelezavignon.com\/de\/"},{"@type":"ListItem","position":2,"name":"Unterk\u00fcnfte","item":"https:\/\/www.camping-villeneuvelezavignon.com\/de\/unterkunfte\/"},{"@type":"ListItem","position":3,"name":"Ferienhausresidenz Avignon"}]},{"@type":"WebSite","@id":"https:\/\/www.camping-villeneuvelezavignon.com\/#website","url":"https:\/\/www.camping-villeneuvelezavignon.com\/","name":"Camping Les Avignon","description":"","potentialAction":[{"@type":"SearchAction","target":{"@type":"EntryPoint","urlTemplate":"https:\/\/www.camping-villeneuvelezavignon.com\/?s={search_term_string}"},"query-input":{"@type":"PropertyValueSpecification","valueRequired":true,"valueName":"search_term_string"}}],"inLanguage":"de"}]}},"_links":{"self":[{"href":"https:\/\/www.camping-villeneuvelezavignon.com\/de\/wp-json\/wp\/v2\/pages\/479"}],"collection":[{"href":"https:\/\/www.camping-villeneuvelezavignon.com\/de\/wp-json\/wp\/v2\/pages"}],"about":[{"href":"https:\/\/www.camping-villeneuvelezavignon.com\/de\/wp-json\/wp\/v2\/types\/page"}],"author":[{"embeddable":true,"href":"https:\/\/www.camping-villeneuvelezavignon.com\/de\/wp-json\/wp\/v2\/users\/1"}],"replies":[{"embeddable":true,"href":"https:\/\/www.camping-villeneuvelezavignon.com\/de\/wp-json\/wp\/v2\/comments?post=479"}],"version-history":[{"count":12,"href":"https:\/\/www.camping-villeneuvelezavignon.com\/de\/wp-json\/wp\/v2\/pages\/479\/revisions"}],"predecessor-version":[{"id":2605,"href":"https:\/\/www.camping-villeneuvelezavignon.com\/de\/wp-json\/wp\/v2\/pages\/479\/revisions\/2605"}],"up":[{"embeddable":true,"href":"https:\/\/www.camping-villeneuvelezavignon.com\/de\/wp-json\/wp\/v2\/pages\/434"}],"wp:featuredmedia":[{"embeddable":true,"href":"https:\/\/www.camping-villeneuvelezavignon.com\/de\/wp-json\/wp\/v2\/media\/2550"}],"wp:attachment":[{"href":"https:\/\/www.camping-villeneuvelezavignon.com\/de\/wp-json\/wp\/v2\/media?parent=479"}],"curies":[{"name":"wp","href":"https:\/\/api.w.org\/{rel}","templated":true}]}}