{"id":439,"date":"2018-03-26T11:42:57","date_gmt":"2018-03-26T09:42:57","guid":{"rendered":"http:\/\/www.camping-villeneuvelezavignon.com\/serviceangebote\/"},"modified":"2023-05-17T15:58:33","modified_gmt":"2023-05-17T13:58:33","slug":"serviceangebote","status":"publish","type":"page","link":"https:\/\/www.camping-villeneuvelezavignon.com\/de\/serviceangebote\/","title":{"rendered":"Serviceangebote"},"content":{"rendered":"<p>[vc_row el_class=&#8220;wrap center&#8220;][vc_column][vc_column_text]<\/p>\n<p style=\"text-align: center;\">Wir bieten Ihnen zahlreiche Dienstleistungen w\u00e4hrend Ihres Urlaub auf dem Campingplatz Les Avignon im Gard.<\/p>\n<p>Unser Team m\u00f6chte Ihren Aufenthalt so angenehm wir m\u00f6glich machen. Wir stehen Ihnen jeden Tag der Woche zur Verf\u00fcgung und k\u00fcmmern uns um Ihre Anliegen bez\u00fcglich Unterkunft und Stellplatz, au\u00dferdem erteilen wir Ihnen nat\u00fcrlich gerne Auskunft zu Avignon und Umgebung.<\/p>\n<p>[\/vc_column_text][\/vc_column][\/vc_row][vc_row css=&#8220;.vc_custom_1520267780478{padding-top: 35px !important;}&#8220; el_class=&#8220;bgbeige&#8220;][vc_column][vc_row_inner el_class=&#8220;wrap center&#8220;][vc_column_inner width=&#8220;1\/2&#8243;][vc_column_text el_class=&#8220;title border-bottom&#8220; css=&#8220;.vc_custom_1520276186120{margin-top: 60px !important;margin-right: 35px !important;margin-left: 35px !important;}&#8220;]<\/p>\n<h2 style=\"text-align: center;\">Unsere\u00a0<strong>\u00d6ffnungszeiten<\/strong><\/h2>\n<p>[\/vc_column_text][vc_column_text]<\/p>\n<p style=\"text-align: center;\">Die Rezeption ist ge\u00f6ffnet:<\/p>\n<p>&#8211; Im Juli von 08:00 bis 12:00 und 14:00 bis 20:00<\/p>\n<p>&#8211; Im August von 08:00 bis 12:00 und von 14:00 bis 19:00<\/p>\n<p>&#8211; Au\u00dferhalb der Saison von 09:00 bis 12:00 und von 16:00 bis 19:00<\/p>\n<p style=\"text-align: center;\">Die Schranke am Eingang ist von 07:00 bis Mitternacht in Betrieb. Nach Mitternacht ist es verboten, auf dem Campingplatz zu fahren. Haustiere sind auf dem Campingplatz erlaubt und m\u00fcssen angeleint werden.<\/p>\n<p>[\/vc_column_text][\/vc_column_inner][vc_column_inner width=&#8220;1\/2&#8243; css=&#8220;.vc_custom_1520267335605{margin-right: 35px !important;margin-left: 35px !important;}&#8220;][vc_single_image image=&#8220;1512&#8243; img_size=&#8220;full&#8220;][\/vc_column_inner][\/vc_row_inner][\/vc_column][\/vc_row][vc_row el_class=&#8220;bgbrown center&#8220;][vc_column][vc_row_inner el_class=&#8220;wrap center&#8220;][vc_column_inner][vc_column_text el_class=&#8220;title border-bottom-white&#8220; css=&#8220;.vc_custom_1520276074124{margin-right: 35px !important;margin-bottom: 35px !important;margin-left: 35px !important;padding-top: 40px !important;}&#8220;]<\/p>\n<h2 style=\"text-align: center;\">Campingplatz mit <strong>Serviceangeboten<\/strong> im Gard<\/h2>\n<p>[\/vc_column_text][\/vc_column_inner][\/vc_row_inner][vc_row_inner el_class=&#8220;wrap center&#8220;][vc_column_inner width=&#8220;1\/2&#8243;][vc_column_text css=&#8220;.vc_custom_1520276170504{margin-top: 70px !important;margin-right: 35px !important;margin-left: 35px !important;}&#8220;]<\/p>\n<p style=\"text-align: center;\">Wir bieten Ihnen zahlreiche Dienstleistungen, wie zum Beispiel ein Baby-Kit (Babybett und Hochstuhl), das Sie vor Ort entleihen k\u00f6nnen. Au\u00dferdem k\u00f6nnen Sie einen K\u00fchlschrank oder Grill mieten (bitte im Voraus und bei der Reservierung ank\u00fcndigen). Wir holen Ihre Post an der Rezeption ab und nehmen auch gerne an Sie adressierte Sendungen an. Eine Waschmaschine steht f\u00fcr Sie im Waschhaus zur Verf\u00fcgung. Jetons und Waschmittel stehen zum Verkauf bereit.<\/p>\n<p>Unser Lebensmittelgesch\u00e4ft befindet sich an der Rezeption und ist t\u00e4glich ge\u00f6ffnet. Sie finden dort Brot und Backwaren, eine Auswahl an Weinen, regionale Spezialit\u00e4ten und Produkte f\u00fcr den t\u00e4glichen Bedarf.<\/p>\n<p>F\u00fcr Internetzugriff nutzen Sie gerne unsere kostenlose WLAN-Zone in der N\u00e4he der Rezeption.<\/p>\n<p>[\/vc_column_text][\/vc_column_inner][vc_column_inner width=&#8220;1\/4&#8243;][vc_single_image image=&#8220;1528&#8243; img_size=&#8220;full&#8220;][vc_single_image image=&#8220;1517&#8243; img_size=&#8220;full&#8220;][\/vc_column_inner][vc_column_inner width=&#8220;1\/4&#8243;][vc_single_image image=&#8220;1521&#8243; img_size=&#8220;full&#8220;][vc_single_image image=&#8220;1525&#8243; img_size=&#8220;full&#8220;][\/vc_column_inner][\/vc_row_inner][\/vc_column][\/vc_row][vc_row el_class=&#8220;bgbrown center border-top-green&#8220;][vc_column][vc_row_inner el_class=&#8220;center wrap&#8220;][vc_column_inner width=&#8220;1\/2&#8243; offset=&#8220;vc_col-lg-5 vc_col-md-5 vc_col-xs-12&#8243;][vc_raw_html el_id=&#8220;facebook-wrap&#8220; el_class=&#8220;bgbeige&#8220;]JTNDZGl2JTIwaWQlM0QlMjJmYWNlYm9vay10aXRsZSUyMiUzRUZhY2Vib29rJTNDJTJGZGl2JTNFJTBBJTBBJTNDZGl2JTIwaWQlM0QlMjJmYWNlYm9vay1mcmFtZSUyMiUzRSUwQSUzQ2RpdiUyMGlkJTNEJTIyZmItcm9vdCUyMiUzRSUzQyUyRmRpdiUzRSUwQSUzQ3NjcmlwdCUzRSUyOGZ1bmN0aW9uJTI4ZCUyQyUyMHMlMkMlMjBpZCUyOSUyMCU3QiUwQSUyMCUyMHZhciUyMGpzJTJDJTIwZmpzJTIwJTNEJTIwZC5nZXRFbGVtZW50c0J5VGFnTmFtZSUyOHMlMjklNUIwJTVEJTNCJTBBJTIwJTIwaWYlMjAlMjhkLmdldEVsZW1lbnRCeUlkJTI4aWQlMjklMjklMjByZXR1cm4lM0IlMEElMjAlMjBqcyUyMCUzRCUyMGQuY3JlYXRlRWxlbWVudCUyOHMlMjklM0IlMjBqcy5pZCUyMCUzRCUyMGlkJTNCJTBBJTIwJTIwanMuc3JjJTIwJTNEJTIwJTI3aHR0cHMlM0ElMkYlMkZjb25uZWN0LmZhY2Vib29rLm5ldCUyRmZyX0ZSJTJGc2RrLmpzJTIzeGZibWwlM0QxJTI2dmVyc2lvbiUzRHYyLjExJTI2YXBwSWQlM0Q0MjUyMTg4MjEyMDMzNTclMjclM0IlMEElMjAlMjBmanMucGFyZW50Tm9kZS5pbnNlcnRCZWZvcmUlMjhqcyUyQyUyMGZqcyUyOSUzQiUwQSU3RCUyOGRvY3VtZW50JTJDJTIwJTI3c2NyaXB0JTI3JTJDJTIwJTI3ZmFjZWJvb2stanNzZGslMjclMjklMjklM0IlM0MlMkZzY3JpcHQlM0UlMEElM0NkaXYlMjBjbGFzcyUzRCUyMmZiLXBhZ2UlMjIlMjBkYXRhLWhyZWYlM0QlMjJodHRwcyUzQSUyRiUyRnd3dy5mYWNlYm9vay5jb20lMkZjYW1waW5nbGVzYXZpZ25vbiUyRiUyMiUyMGRhdGEtdGFicyUzRCUyMnRpbWVsaW5lJTIyJTIwZGF0YS1oZWlnaHQlM0QlMjIzMzIlMjIlMjBkYXRhLXNtYWxsLWhlYWRlciUzRCUyMmZhbHNlJTIyJTIwZGF0YS1hZGFwdC1jb250YWluZXItd2lkdGglM0QlMjJ0cnVlJTIyJTIwZGF0YS1oaWRlLWNvdmVyJTNEJTIyZmFsc2UlMjIlMjBkYXRhLXNob3ctZmFjZXBpbGUlM0QlMjJ0cnVlJTIyJTNFJTNDYmxvY2txdW90ZSUyMGNpdGUlM0QlMjJodHRwcyUzQSUyRiUyRnd3dy5mYWNlYm9vay5jb20lMkZjYW1waW5nbGVzYXZpZ25vbiUyRiUyMiUyMGNsYXNzJTNEJTIyZmIteGZibWwtcGFyc2UtaWdub3JlJTIyJTNFJTNDYSUyMGhyZWYlM0QlMjJodHRwcyUzQSUyRiUyRnd3dy5mYWNlYm9vay5jb20lMkZjYW1waW5nbGVzYXZpZ25vbiUyRiUyMiUzRUNhbXBpbmclMjBMZXMlMjBBdmlnbm9uJTNDJTJGYSUzRSUzQyUyRmJsb2NrcXVvdGUlM0UlM0MlMkZkaXYlM0UlMEElM0MlMkZkaXYlM0U=[\/vc_raw_html][\/vc_column_inner][vc_column_inner width=&#8220;1\/2&#8243; offset=&#8220;vc_col-lg-7 vc_col-md-7 vc_col-xs-12&#8243;][vc_column_text el_class=&#8220;title border-bottom-white&#8220; css=&#8220;.vc_custom_1520239391807{margin-right: 35px !important;margin-left: 35px !important;padding-top: 40px !important;}&#8220;]<\/p>\n<h2 style=\"text-align: center;\"><strong>Haben Sie Fragen?<\/strong> Kontaktieren Sie uns!<\/h2>\n<p>[\/vc_column_text][vc_raw_html el_id=&#8220;social-row social-box&#8220; el_class=&#8220;center&#8220;]JTBBJTNDZGl2JTIwY2xhc3MlM0QlMjJjb250YWN0LWZvb3QlMjIlM0UlMEElMEElMjAlMjAlMjAlMjAlM0NpJTIwY2xhc3MlM0QlMjJmYSUyMGZhLWVudmVsb3BlJTIyJTNFJTNDJTJGaSUzRSUyMCUzQ3NwYW4lM0VjYW1waW5nbGVzYXZpZ25vbiU0MGdtYWlsLmNvbSUzQyUyRnNwYW4lM0UlMEElMEElM0MlMkZkaXYlM0UlMEElMEElM0NkaXYlMjBjbGFzcyUzRCUyMmNvbnRhY3QtZm9vdCUyMiUzRSUwQSUwQSUyMCUyMCUyMCUyMCUzQ2klMjBjbGFzcyUzRCUyMmZhJTIwZmEtbWFwLW1hcmtlciUyMiUzRSUzQyUyRmklM0UlMjAlM0NzcGFuJTNFQ2hlbWluJTIwZGUlMjBTYWludCUyMEhvbm9yJUMzJUE5JTNDYnIlMkYlM0UzMDQwMCUyMFZpbGxlbmV1dmUtbCVDMyVBOHMtQXZpZ25vbiUzQyUyRnNwYW4lM0UlMEElMEElM0MlMkZkaXYlM0UlMEElMEElM0NkaXYlMjBjbGFzcyUzRCUyMmNvbnRhY3QtZm9vdCUyMiUzRSUwQSUwQSUyMCUyMCUyMCUyMCUzQ2klMjBjbGFzcyUzRCUyMmZhJTIwZmEtcGhvbmUlMjIlM0UlM0MlMkZpJTNFJTIwJTNDc3BhbiUzRSUyQjMzJTIwJTI4MCUyOTQlMjA5MCUyMDI1JTIwNzYlMjAwNiUzQyUyRnNwYW4lM0UlMEElMEElM0MlMkZkaXYlM0UlMEElMEE=[\/vc_raw_html][\/vc_column_inner][\/vc_row_inner][\/vc_column][\/vc_row]<\/p>\n","protected":false},"excerpt":{"rendered":"<p>[vc_row el_class=&#8220;wrap center&#8220;][vc_column][vc_column_text] Wir bieten Ihnen zahlreiche Dienstleistungen w\u00e4hrend Ihres [&hellip;]<\/p>\n<a href=\"https:\/\/www.camping-villeneuvelezavignon.com\/de\/serviceangebote\/\">View Post<\/a>","protected":false},"author":1,"featured_media":2185,"parent":0,"menu_order":0,"comment_status":"closed","ping_status":"closed","template":"page-templates\/full.php","meta":{"_acf_changed":false,"footnotes":""},"class_list":["post-439","page","type-page","status-publish","has-post-thumbnail","hentry"],"acf":[],"yoast_head":"<!-- This site is optimized with the Yoast SEO plugin v25.3 - https:\/\/yoast.com\/wordpress\/plugins\/seo\/ -->\n<title>Die Dienstleistungen von Camping les Avignon | Camping am Ufer der Rh\u00f4ne<\/title>\n<meta name=\"robots\" content=\"index, follow, max-snippet:-1, max-image-preview:large, max-video-preview:-1\" \/>\n<link rel=\"canonical\" href=\"https:\/\/www.camping-villeneuvelezavignon.com\/de\/serviceangebote\/\" \/>\n<meta name=\"twitter:card\" content=\"summary_large_image\" \/>\n<meta name=\"twitter:title\" content=\"Die Dienstleistungen von Camping les Avignon | Camping am Ufer der Rh\u00f4ne\" \/>\n<meta name=\"twitter:description\" content=\"[vc_row el_class=&#8220;wrap center&#8220;][vc_column][vc_column_text] Wir bieten Ihnen zahlreiche Dienstleistungen w\u00e4hrend Ihres [&hellip;]\" \/>\n<meta name=\"twitter:image\" content=\"https:\/\/www.camping-villeneuvelezavignon.com\/wp-content\/uploads\/2023\/05\/23082018-IMG_090515.jpg\" \/>\n<meta name=\"twitter:label1\" content=\"Gesch\u00e4tzte Lesezeit\" \/>\n\t<meta name=\"twitter:data1\" content=\"2\u00a0Minuten\" \/>\n<script type=\"application\/ld+json\" class=\"yoast-schema-graph\">{\"@context\":\"https:\/\/schema.org\",\"@graph\":[{\"@type\":\"WebPage\",\"@id\":\"https:\/\/www.camping-villeneuvelezavignon.com\/de\/serviceangebote\/\",\"url\":\"https:\/\/www.camping-villeneuvelezavignon.com\/de\/serviceangebote\/\",\"name\":\"Die Dienstleistungen von Camping les Avignon | Camping am Ufer der Rh\u00f4ne\",\"isPartOf\":{\"@id\":\"https:\/\/www.camping-villeneuvelezavignon.com\/#website\"},\"primaryImageOfPage\":{\"@id\":\"https:\/\/www.camping-villeneuvelezavignon.com\/de\/serviceangebote\/#primaryimage\"},\"image\":{\"@id\":\"https:\/\/www.camping-villeneuvelezavignon.com\/de\/serviceangebote\/#primaryimage\"},\"thumbnailUrl\":\"https:\/\/www.camping-villeneuvelezavignon.com\/wp-content\/uploads\/2023\/05\/23082018-IMG_090515.jpg\",\"datePublished\":\"2018-03-26T09:42:57+00:00\",\"dateModified\":\"2023-05-17T13:58:33+00:00\",\"breadcrumb\":{\"@id\":\"https:\/\/www.camping-villeneuvelezavignon.com\/de\/serviceangebote\/#breadcrumb\"},\"inLanguage\":\"de\",\"potentialAction\":[{\"@type\":\"ReadAction\",\"target\":[\"https:\/\/www.camping-villeneuvelezavignon.com\/de\/serviceangebote\/\"]}]},{\"@type\":\"ImageObject\",\"inLanguage\":\"de\",\"@id\":\"https:\/\/www.camping-villeneuvelezavignon.com\/de\/serviceangebote\/#primaryimage\",\"url\":\"https:\/\/www.camping-villeneuvelezavignon.com\/wp-content\/uploads\/2023\/05\/23082018-IMG_090515.jpg\",\"contentUrl\":\"https:\/\/www.camping-villeneuvelezavignon.com\/wp-content\/uploads\/2023\/05\/23082018-IMG_090515.jpg\",\"width\":1547,\"height\":591},{\"@type\":\"BreadcrumbList\",\"@id\":\"https:\/\/www.camping-villeneuvelezavignon.com\/de\/serviceangebote\/#breadcrumb\",\"itemListElement\":[{\"@type\":\"ListItem\",\"position\":1,\"name\":\"Camping Avignon\",\"item\":\"https:\/\/www.camping-villeneuvelezavignon.com\/de\/\"},{\"@type\":\"ListItem\",\"position\":2,\"name\":\"Serviceangebote\"}]},{\"@type\":\"WebSite\",\"@id\":\"https:\/\/www.camping-villeneuvelezavignon.com\/#website\",\"url\":\"https:\/\/www.camping-villeneuvelezavignon.com\/\",\"name\":\"Camping Les Avignon\",\"description\":\"\",\"potentialAction\":[{\"@type\":\"SearchAction\",\"target\":{\"@type\":\"EntryPoint\",\"urlTemplate\":\"https:\/\/www.camping-villeneuvelezavignon.com\/?s={search_term_string}\"},\"query-input\":{\"@type\":\"PropertyValueSpecification\",\"valueRequired\":true,\"valueName\":\"search_term_string\"}}],\"inLanguage\":\"de\"}]}<\/script>\n<!-- \/ Yoast SEO plugin. -->","yoast_head_json":{"title":"Die Dienstleistungen von Camping les Avignon | Camping am Ufer der Rh\u00f4ne","robots":{"index":"index","follow":"follow","max-snippet":"max-snippet:-1","max-image-preview":"max-image-preview:large","max-video-preview":"max-video-preview:-1"},"canonical":"https:\/\/www.camping-villeneuvelezavignon.com\/de\/serviceangebote\/","twitter_card":"summary_large_image","twitter_title":"Die Dienstleistungen von Camping les Avignon | Camping am Ufer der Rh\u00f4ne","twitter_description":"[vc_row el_class=&#8220;wrap center&#8220;][vc_column][vc_column_text] Wir bieten Ihnen zahlreiche Dienstleistungen w\u00e4hrend Ihres [&hellip;]","twitter_image":"https:\/\/www.camping-villeneuvelezavignon.com\/wp-content\/uploads\/2023\/05\/23082018-IMG_090515.jpg","twitter_misc":{"Gesch\u00e4tzte Lesezeit":"2\u00a0Minuten"},"schema":{"@context":"https:\/\/schema.org","@graph":[{"@type":"WebPage","@id":"https:\/\/www.camping-villeneuvelezavignon.com\/de\/serviceangebote\/","url":"https:\/\/www.camping-villeneuvelezavignon.com\/de\/serviceangebote\/","name":"Die Dienstleistungen von Camping les Avignon | Camping am Ufer der Rh\u00f4ne","isPartOf":{"@id":"https:\/\/www.camping-villeneuvelezavignon.com\/#website"},"primaryImageOfPage":{"@id":"https:\/\/www.camping-villeneuvelezavignon.com\/de\/serviceangebote\/#primaryimage"},"image":{"@id":"https:\/\/www.camping-villeneuvelezavignon.com\/de\/serviceangebote\/#primaryimage"},"thumbnailUrl":"https:\/\/www.camping-villeneuvelezavignon.com\/wp-content\/uploads\/2023\/05\/23082018-IMG_090515.jpg","datePublished":"2018-03-26T09:42:57+00:00","dateModified":"2023-05-17T13:58:33+00:00","breadcrumb":{"@id":"https:\/\/www.camping-villeneuvelezavignon.com\/de\/serviceangebote\/#breadcrumb"},"inLanguage":"de","potentialAction":[{"@type":"ReadAction","target":["https:\/\/www.camping-villeneuvelezavignon.com\/de\/serviceangebote\/"]}]},{"@type":"ImageObject","inLanguage":"de","@id":"https:\/\/www.camping-villeneuvelezavignon.com\/de\/serviceangebote\/#primaryimage","url":"https:\/\/www.camping-villeneuvelezavignon.com\/wp-content\/uploads\/2023\/05\/23082018-IMG_090515.jpg","contentUrl":"https:\/\/www.camping-villeneuvelezavignon.com\/wp-content\/uploads\/2023\/05\/23082018-IMG_090515.jpg","width":1547,"height":591},{"@type":"BreadcrumbList","@id":"https:\/\/www.camping-villeneuvelezavignon.com\/de\/serviceangebote\/#breadcrumb","itemListElement":[{"@type":"ListItem","position":1,"name":"Camping Avignon","item":"https:\/\/www.camping-villeneuvelezavignon.com\/de\/"},{"@type":"ListItem","position":2,"name":"Serviceangebote"}]},{"@type":"WebSite","@id":"https:\/\/www.camping-villeneuvelezavignon.com\/#website","url":"https:\/\/www.camping-villeneuvelezavignon.com\/","name":"Camping Les Avignon","description":"","potentialAction":[{"@type":"SearchAction","target":{"@type":"EntryPoint","urlTemplate":"https:\/\/www.camping-villeneuvelezavignon.com\/?s={search_term_string}"},"query-input":{"@type":"PropertyValueSpecification","valueRequired":true,"valueName":"search_term_string"}}],"inLanguage":"de"}]}},"_links":{"self":[{"href":"https:\/\/www.camping-villeneuvelezavignon.com\/de\/wp-json\/wp\/v2\/pages\/439"}],"collection":[{"href":"https:\/\/www.camping-villeneuvelezavignon.com\/de\/wp-json\/wp\/v2\/pages"}],"about":[{"href":"https:\/\/www.camping-villeneuvelezavignon.com\/de\/wp-json\/wp\/v2\/types\/page"}],"author":[{"embeddable":true,"href":"https:\/\/www.camping-villeneuvelezavignon.com\/de\/wp-json\/wp\/v2\/users\/1"}],"replies":[{"embeddable":true,"href":"https:\/\/www.camping-villeneuvelezavignon.com\/de\/wp-json\/wp\/v2\/comments?post=439"}],"version-history":[{"count":5,"href":"https:\/\/www.camping-villeneuvelezavignon.com\/de\/wp-json\/wp\/v2\/pages\/439\/revisions"}],"predecessor-version":[{"id":2034,"href":"https:\/\/www.camping-villeneuvelezavignon.com\/de\/wp-json\/wp\/v2\/pages\/439\/revisions\/2034"}],"wp:featuredmedia":[{"embeddable":true,"href":"https:\/\/www.camping-villeneuvelezavignon.com\/de\/wp-json\/wp\/v2\/media\/2185"}],"wp:attachment":[{"href":"https:\/\/www.camping-villeneuvelezavignon.com\/de\/wp-json\/wp\/v2\/media?parent=439"}],"curies":[{"name":"wp","href":"https:\/\/api.w.org\/{rel}","templated":true}]}}