{"id":438,"date":"2018-03-26T11:42:51","date_gmt":"2018-03-26T09:42:51","guid":{"rendered":"http:\/\/www.camping-villeneuvelezavignon.com\/freizeitangebot-verpflegung\/"},"modified":"2018-04-05T15:04:26","modified_gmt":"2018-04-05T13:04:26","slug":"freizeitangebot-verpflegung","status":"publish","type":"page","link":"https:\/\/www.camping-villeneuvelezavignon.com\/de\/freizeitangebot-verpflegung\/","title":{"rendered":"Freizeitangebot &amp; Verpflegung"},"content":{"rendered":"<p>[vc_row el_class=&#8220;wrap center&#8220;][vc_column][vc_column_text]<\/p>\n<p style=\"text-align: center;\">Genie\u00dfen Sie die gastfreundliche Atmosph\u00e4re im Snack-Restaurant des Campingplatzes.<\/p>\n<p>Wir begr\u00fc\u00dfen Sie jeden Morgen zu einem Fr\u00fchst\u00fcck mit Kaffee, Orangensaft und Geb\u00e4ck f\u00fcr einen gelungenen Start in den Tag.<\/p>\n<p>[\/vc_column_text][\/vc_column][\/vc_row][vc_row css=&#8220;.vc_custom_1520267780478{padding-top: 35px !important;}&#8220; el_class=&#8220;bgbeige&#8220;][vc_column][vc_row_inner el_class=&#8220;wrap center&#8220;][vc_column_inner width=&#8220;1\/2&#8243;][vc_column_text el_class=&#8220;title border-bottom&#8220; css=&#8220;.vc_custom_1520275156095{margin-top: 70px !important;margin-right: 35px !important;margin-left: 35px !important;}&#8220;]<\/p>\n<h2 style=\"text-align: center;\">Campingplatz mit <strong>Restaurant<\/strong> im Gard<\/h2>\n<p>[\/vc_column_text][vc_column_text css=&#8220;.vc_custom_1520275464424{margin-right: 35px !important;margin-left: 35px !important;}&#8220;]<\/p>\n<p style=\"text-align: center;\">Mittags und abends k\u00f6nnen Sie das abwechslungsreiche Angebot unserer Speisekarte nutzen, gerne auch zum Mitnehmen Sie k\u00f6nnen es sich auf der Terrasse des Restaurants gem\u00fctlich machen und einen Moment der Ruhe genie\u00dfen oder einfach einige Leckereien \u201eto go\u201c mitnehmen. Probieren unsere verschiedenen Tapas oder Gerichte wie Paella.<\/p>\n<p>Wenn Ihnen der Sinn nach einer Erfrischung steht, ist die Bar genau der richtige Ort &#8211; g\u00f6nnen Sie sich und Ihrer Familie oder Freunden eine Auszeit auf unserer schattigen Terrasse.<\/p>\n<p>[\/vc_column_text][\/vc_column_inner][vc_column_inner width=&#8220;1\/2&#8243;][vc_single_image image=&#8220;1499&#8243; img_size=&#8220;full&#8220;][\/vc_column_inner][\/vc_row_inner][\/vc_column][\/vc_row][vc_row el_class=&#8220;bgbrown center&#8220;][vc_column][vc_row_inner el_class=&#8220;wrap center&#8220; css=&#8220;.vc_custom_1522931149289{padding-top: 30px !important;}&#8220;][vc_column_inner width=&#8220;1\/2&#8243;][vc_single_image image=&#8220;1504&#8243; img_size=&#8220;full&#8220;][\/vc_column_inner][vc_column_inner width=&#8220;1\/2&#8243;][vc_column_text el_class=&#8220;title border-bottom-white&#8220; css=&#8220;.vc_custom_1520275857598{margin-top: 110px !important;margin-right: 35px !important;margin-left: 35px !important;}&#8220;]<\/p>\n<h2 style=\"text-align: center;\">Campingplatz mit <strong>Restaurant<\/strong> im Gard<\/h2>\n<p>[\/vc_column_text][vc_column_text css=&#8220;.vc_custom_1520275637365{margin-right: 35px !important;margin-left: 35px !important;}&#8220;]<\/p>\n<p style=\"text-align: center;\">Nutzen Sie unseren Aufenthaltsraum mit Fernseher, WLAN und Lese-Ecke f\u00fcr gesellige Stunden! F\u00fcr Kinder finden Sie einen Spielplatz und Tischtennisplatten. Ganz in der N\u00e4he des Empfangs und des Snack-Restaurants k\u00f6nnen sie sich sorglos austoben.<\/p>\n<p>[\/vc_column_text][\/vc_column_inner][\/vc_row_inner][\/vc_column][\/vc_row][vc_row el_class=&#8220;bgbrown center border-top-green&#8220;][vc_column][vc_row_inner el_class=&#8220;center wrap&#8220;][vc_column_inner width=&#8220;1\/2&#8243; offset=&#8220;vc_col-lg-5 vc_col-md-5 vc_col-xs-12&#8243;][vc_raw_html el_id=&#8220;facebook-wrap&#8220; el_class=&#8220;bgbeige&#8220;]JTNDZGl2JTIwaWQlM0QlMjJmYWNlYm9vay10aXRsZSUyMiUzRUZhY2Vib29rJTNDJTJGZGl2JTNFJTBBJTBBJTNDZGl2JTIwaWQlM0QlMjJmYWNlYm9vay1mcmFtZSUyMiUzRSUwQSUzQ2RpdiUyMGlkJTNEJTIyZmItcm9vdCUyMiUzRSUzQyUyRmRpdiUzRSUwQSUzQ3NjcmlwdCUzRSUyOGZ1bmN0aW9uJTI4ZCUyQyUyMHMlMkMlMjBpZCUyOSUyMCU3QiUwQSUyMCUyMHZhciUyMGpzJTJDJTIwZmpzJTIwJTNEJTIwZC5nZXRFbGVtZW50c0J5VGFnTmFtZSUyOHMlMjklNUIwJTVEJTNCJTBBJTIwJTIwaWYlMjAlMjhkLmdldEVsZW1lbnRCeUlkJTI4aWQlMjklMjklMjByZXR1cm4lM0IlMEElMjAlMjBqcyUyMCUzRCUyMGQuY3JlYXRlRWxlbWVudCUyOHMlMjklM0IlMjBqcy5pZCUyMCUzRCUyMGlkJTNCJTBBJTIwJTIwanMuc3JjJTIwJTNEJTIwJTI3aHR0cHMlM0ElMkYlMkZjb25uZWN0LmZhY2Vib29rLm5ldCUyRmZyX0ZSJTJGc2RrLmpzJTIzeGZibWwlM0QxJTI2dmVyc2lvbiUzRHYyLjExJTI2YXBwSWQlM0Q0MjUyMTg4MjEyMDMzNTclMjclM0IlMEElMjAlMjBmanMucGFyZW50Tm9kZS5pbnNlcnRCZWZvcmUlMjhqcyUyQyUyMGZqcyUyOSUzQiUwQSU3RCUyOGRvY3VtZW50JTJDJTIwJTI3c2NyaXB0JTI3JTJDJTIwJTI3ZmFjZWJvb2stanNzZGslMjclMjklMjklM0IlM0MlMkZzY3JpcHQlM0UlMEElM0NkaXYlMjBjbGFzcyUzRCUyMmZiLXBhZ2UlMjIlMjBkYXRhLWhyZWYlM0QlMjJodHRwcyUzQSUyRiUyRnd3dy5mYWNlYm9vay5jb20lMkZjYW1waW5nbGVzYXZpZ25vbiUyRiUyMiUyMGRhdGEtdGFicyUzRCUyMnRpbWVsaW5lJTIyJTIwZGF0YS1oZWlnaHQlM0QlMjIzMzIlMjIlMjBkYXRhLXNtYWxsLWhlYWRlciUzRCUyMmZhbHNlJTIyJTIwZGF0YS1hZGFwdC1jb250YWluZXItd2lkdGglM0QlMjJ0cnVlJTIyJTIwZGF0YS1oaWRlLWNvdmVyJTNEJTIyZmFsc2UlMjIlMjBkYXRhLXNob3ctZmFjZXBpbGUlM0QlMjJ0cnVlJTIyJTNFJTNDYmxvY2txdW90ZSUyMGNpdGUlM0QlMjJodHRwcyUzQSUyRiUyRnd3dy5mYWNlYm9vay5jb20lMkZjYW1waW5nbGVzYXZpZ25vbiUyRiUyMiUyMGNsYXNzJTNEJTIyZmIteGZibWwtcGFyc2UtaWdub3JlJTIyJTNFJTNDYSUyMGhyZWYlM0QlMjJodHRwcyUzQSUyRiUyRnd3dy5mYWNlYm9vay5jb20lMkZjYW1waW5nbGVzYXZpZ25vbiUyRiUyMiUzRUNhbXBpbmclMjBMZXMlMjBBdmlnbm9uJTNDJTJGYSUzRSUzQyUyRmJsb2NrcXVvdGUlM0UlM0MlMkZkaXYlM0UlMEElM0MlMkZkaXYlM0U=[\/vc_raw_html][\/vc_column_inner][vc_column_inner width=&#8220;1\/2&#8243; offset=&#8220;vc_col-lg-7 vc_col-md-7 vc_col-xs-12&#8243;][vc_column_text el_class=&#8220;title border-bottom-white&#8220; css=&#8220;.vc_custom_1520239391807{margin-right: 35px !important;margin-left: 35px !important;padding-top: 40px !important;}&#8220;]<\/p>\n<h2 style=\"text-align: center;\"><strong>Haben Sie Fragen?<\/strong> Kontaktieren Sie uns!<\/h2>\n<p>[\/vc_column_text][vc_raw_html el_id=&#8220;social-row social-box&#8220; el_class=&#8220;center&#8220;]JTBBJTNDZGl2JTIwY2xhc3MlM0QlMjJjb250YWN0LWZvb3QlMjIlM0UlMEElMEElMjAlMjAlMjAlMjAlM0NpJTIwY2xhc3MlM0QlMjJmYSUyMGZhLWVudmVsb3BlJTIyJTNFJTNDJTJGaSUzRSUyMCUzQ3NwYW4lM0VjYW1waW5nbGVzYXZpZ25vbiU0MGdtYWlsLmNvbSUzQyUyRnNwYW4lM0UlMEElMEElM0MlMkZkaXYlM0UlMEElMEElM0NkaXYlMjBjbGFzcyUzRCUyMmNvbnRhY3QtZm9vdCUyMiUzRSUwQSUwQSUyMCUyMCUyMCUyMCUzQ2klMjBjbGFzcyUzRCUyMmZhJTIwZmEtbWFwLW1hcmtlciUyMiUzRSUzQyUyRmklM0UlMjAlM0NzcGFuJTNFQ2hlbWluJTIwZGUlMjBTYWludCUyMEhvbm9yJUMzJUE5JTNDYnIlMkYlM0UzMDQwMCUyMFZpbGxlbmV1dmUtbCVDMyVBOHMtQXZpZ25vbiUzQyUyRnNwYW4lM0UlMEElMEElM0MlMkZkaXYlM0UlMEElMEElM0NkaXYlMjBjbGFzcyUzRCUyMmNvbnRhY3QtZm9vdCUyMiUzRSUwQSUwQSUyMCUyMCUyMCUyMCUzQ2klMjBjbGFzcyUzRCUyMmZhJTIwZmEtcGhvbmUlMjIlM0UlM0MlMkZpJTNFJTIwJTNDc3BhbiUzRSUyQjMzJTIwJTI4MCUyOTQlMjA5MCUyMDI1JTIwNzYlMjAwNiUzQyUyRnNwYW4lM0UlMEElMEElM0MlMkZkaXYlM0UlMEElMEE=[\/vc_raw_html][\/vc_column_inner][\/vc_row_inner][\/vc_column][\/vc_row]<\/p>\n","protected":false},"excerpt":{"rendered":"<p>[vc_row el_class=&#8220;wrap center&#8220;][vc_column][vc_column_text] Genie\u00dfen Sie die gastfreundliche Atmosph\u00e4re im Snack-Restaurant [&hellip;]<\/p>\n<a href=\"https:\/\/www.camping-villeneuvelezavignon.com\/de\/freizeitangebot-verpflegung\/\">View Post<\/a>","protected":false},"author":1,"featured_media":1573,"parent":0,"menu_order":0,"comment_status":"closed","ping_status":"closed","template":"page-templates\/full.php","meta":{"_acf_changed":false,"footnotes":""},"class_list":["post-438","page","type-page","status-publish","has-post-thumbnail","hentry"],"acf":[],"yoast_head":"<!-- This site is optimized with the Yoast SEO plugin v25.3 - https:\/\/yoast.com\/wordpress\/plugins\/seo\/ -->\n<title>Camping mit Restaurant Avignon | Camping mit Unterhaltung im Gard<\/title>\n<meta name=\"robots\" content=\"index, follow, max-snippet:-1, max-image-preview:large, max-video-preview:-1\" \/>\n<link rel=\"canonical\" href=\"https:\/\/www.camping-villeneuvelezavignon.com\/de\/freizeitangebot-verpflegung\/\" \/>\n<meta name=\"twitter:card\" content=\"summary_large_image\" \/>\n<meta name=\"twitter:title\" content=\"Camping mit Restaurant Avignon | Camping mit Unterhaltung im Gard\" \/>\n<meta name=\"twitter:description\" content=\"[vc_row el_class=&#8220;wrap center&#8220;][vc_column][vc_column_text] Genie\u00dfen Sie die gastfreundliche Atmosph\u00e4re im Snack-Restaurant [&hellip;]\" \/>\n<meta name=\"twitter:image\" content=\"https:\/\/www.camping-villeneuvelezavignon.com\/wp-content\/uploads\/2018\/02\/activites-animations-gard.jpg\" \/>\n<meta name=\"twitter:label1\" content=\"Gesch\u00e4tzte Lesezeit\" \/>\n\t<meta name=\"twitter:data1\" content=\"3\u00a0Minuten\" \/>\n<script type=\"application\/ld+json\" class=\"yoast-schema-graph\">{\"@context\":\"https:\/\/schema.org\",\"@graph\":[{\"@type\":\"WebPage\",\"@id\":\"https:\/\/www.camping-villeneuvelezavignon.com\/de\/freizeitangebot-verpflegung\/\",\"url\":\"https:\/\/www.camping-villeneuvelezavignon.com\/de\/freizeitangebot-verpflegung\/\",\"name\":\"Camping mit Restaurant Avignon | Camping mit Unterhaltung im Gard\",\"isPartOf\":{\"@id\":\"https:\/\/www.camping-villeneuvelezavignon.com\/#website\"},\"primaryImageOfPage\":{\"@id\":\"https:\/\/www.camping-villeneuvelezavignon.com\/de\/freizeitangebot-verpflegung\/#primaryimage\"},\"image\":{\"@id\":\"https:\/\/www.camping-villeneuvelezavignon.com\/de\/freizeitangebot-verpflegung\/#primaryimage\"},\"thumbnailUrl\":\"https:\/\/www.camping-villeneuvelezavignon.com\/wp-content\/uploads\/2018\/02\/activites-animations-gard.jpg\",\"datePublished\":\"2018-03-26T09:42:51+00:00\",\"dateModified\":\"2018-04-05T13:04:26+00:00\",\"breadcrumb\":{\"@id\":\"https:\/\/www.camping-villeneuvelezavignon.com\/de\/freizeitangebot-verpflegung\/#breadcrumb\"},\"inLanguage\":\"de\",\"potentialAction\":[{\"@type\":\"ReadAction\",\"target\":[\"https:\/\/www.camping-villeneuvelezavignon.com\/de\/freizeitangebot-verpflegung\/\"]}]},{\"@type\":\"ImageObject\",\"inLanguage\":\"de\",\"@id\":\"https:\/\/www.camping-villeneuvelezavignon.com\/de\/freizeitangebot-verpflegung\/#primaryimage\",\"url\":\"https:\/\/www.camping-villeneuvelezavignon.com\/wp-content\/uploads\/2018\/02\/activites-animations-gard.jpg\",\"contentUrl\":\"https:\/\/www.camping-villeneuvelezavignon.com\/wp-content\/uploads\/2018\/02\/activites-animations-gard.jpg\",\"width\":1440,\"height\":500},{\"@type\":\"BreadcrumbList\",\"@id\":\"https:\/\/www.camping-villeneuvelezavignon.com\/de\/freizeitangebot-verpflegung\/#breadcrumb\",\"itemListElement\":[{\"@type\":\"ListItem\",\"position\":1,\"name\":\"Camping Avignon\",\"item\":\"https:\/\/www.camping-villeneuvelezavignon.com\/de\/\"},{\"@type\":\"ListItem\",\"position\":2,\"name\":\"Freizeitangebot &amp; Verpflegung\"}]},{\"@type\":\"WebSite\",\"@id\":\"https:\/\/www.camping-villeneuvelezavignon.com\/#website\",\"url\":\"https:\/\/www.camping-villeneuvelezavignon.com\/\",\"name\":\"Camping Les Avignon\",\"description\":\"\",\"potentialAction\":[{\"@type\":\"SearchAction\",\"target\":{\"@type\":\"EntryPoint\",\"urlTemplate\":\"https:\/\/www.camping-villeneuvelezavignon.com\/?s={search_term_string}\"},\"query-input\":{\"@type\":\"PropertyValueSpecification\",\"valueRequired\":true,\"valueName\":\"search_term_string\"}}],\"inLanguage\":\"de\"}]}<\/script>\n<!-- \/ Yoast SEO plugin. -->","yoast_head_json":{"title":"Camping mit Restaurant Avignon | Camping mit Unterhaltung im Gard","robots":{"index":"index","follow":"follow","max-snippet":"max-snippet:-1","max-image-preview":"max-image-preview:large","max-video-preview":"max-video-preview:-1"},"canonical":"https:\/\/www.camping-villeneuvelezavignon.com\/de\/freizeitangebot-verpflegung\/","twitter_card":"summary_large_image","twitter_title":"Camping mit Restaurant Avignon | Camping mit Unterhaltung im Gard","twitter_description":"[vc_row el_class=&#8220;wrap center&#8220;][vc_column][vc_column_text] Genie\u00dfen Sie die gastfreundliche Atmosph\u00e4re im Snack-Restaurant [&hellip;]","twitter_image":"https:\/\/www.camping-villeneuvelezavignon.com\/wp-content\/uploads\/2018\/02\/activites-animations-gard.jpg","twitter_misc":{"Gesch\u00e4tzte Lesezeit":"3\u00a0Minuten"},"schema":{"@context":"https:\/\/schema.org","@graph":[{"@type":"WebPage","@id":"https:\/\/www.camping-villeneuvelezavignon.com\/de\/freizeitangebot-verpflegung\/","url":"https:\/\/www.camping-villeneuvelezavignon.com\/de\/freizeitangebot-verpflegung\/","name":"Camping mit Restaurant Avignon | Camping mit Unterhaltung im Gard","isPartOf":{"@id":"https:\/\/www.camping-villeneuvelezavignon.com\/#website"},"primaryImageOfPage":{"@id":"https:\/\/www.camping-villeneuvelezavignon.com\/de\/freizeitangebot-verpflegung\/#primaryimage"},"image":{"@id":"https:\/\/www.camping-villeneuvelezavignon.com\/de\/freizeitangebot-verpflegung\/#primaryimage"},"thumbnailUrl":"https:\/\/www.camping-villeneuvelezavignon.com\/wp-content\/uploads\/2018\/02\/activites-animations-gard.jpg","datePublished":"2018-03-26T09:42:51+00:00","dateModified":"2018-04-05T13:04:26+00:00","breadcrumb":{"@id":"https:\/\/www.camping-villeneuvelezavignon.com\/de\/freizeitangebot-verpflegung\/#breadcrumb"},"inLanguage":"de","potentialAction":[{"@type":"ReadAction","target":["https:\/\/www.camping-villeneuvelezavignon.com\/de\/freizeitangebot-verpflegung\/"]}]},{"@type":"ImageObject","inLanguage":"de","@id":"https:\/\/www.camping-villeneuvelezavignon.com\/de\/freizeitangebot-verpflegung\/#primaryimage","url":"https:\/\/www.camping-villeneuvelezavignon.com\/wp-content\/uploads\/2018\/02\/activites-animations-gard.jpg","contentUrl":"https:\/\/www.camping-villeneuvelezavignon.com\/wp-content\/uploads\/2018\/02\/activites-animations-gard.jpg","width":1440,"height":500},{"@type":"BreadcrumbList","@id":"https:\/\/www.camping-villeneuvelezavignon.com\/de\/freizeitangebot-verpflegung\/#breadcrumb","itemListElement":[{"@type":"ListItem","position":1,"name":"Camping Avignon","item":"https:\/\/www.camping-villeneuvelezavignon.com\/de\/"},{"@type":"ListItem","position":2,"name":"Freizeitangebot &amp; Verpflegung"}]},{"@type":"WebSite","@id":"https:\/\/www.camping-villeneuvelezavignon.com\/#website","url":"https:\/\/www.camping-villeneuvelezavignon.com\/","name":"Camping Les Avignon","description":"","potentialAction":[{"@type":"SearchAction","target":{"@type":"EntryPoint","urlTemplate":"https:\/\/www.camping-villeneuvelezavignon.com\/?s={search_term_string}"},"query-input":{"@type":"PropertyValueSpecification","valueRequired":true,"valueName":"search_term_string"}}],"inLanguage":"de"}]}},"_links":{"self":[{"href":"https:\/\/www.camping-villeneuvelezavignon.com\/de\/wp-json\/wp\/v2\/pages\/438"}],"collection":[{"href":"https:\/\/www.camping-villeneuvelezavignon.com\/de\/wp-json\/wp\/v2\/pages"}],"about":[{"href":"https:\/\/www.camping-villeneuvelezavignon.com\/de\/wp-json\/wp\/v2\/types\/page"}],"author":[{"embeddable":true,"href":"https:\/\/www.camping-villeneuvelezavignon.com\/de\/wp-json\/wp\/v2\/users\/1"}],"replies":[{"embeddable":true,"href":"https:\/\/www.camping-villeneuvelezavignon.com\/de\/wp-json\/wp\/v2\/comments?post=438"}],"version-history":[{"count":4,"href":"https:\/\/www.camping-villeneuvelezavignon.com\/de\/wp-json\/wp\/v2\/pages\/438\/revisions"}],"predecessor-version":[{"id":1574,"href":"https:\/\/www.camping-villeneuvelezavignon.com\/de\/wp-json\/wp\/v2\/pages\/438\/revisions\/1574"}],"wp:featuredmedia":[{"embeddable":true,"href":"https:\/\/www.camping-villeneuvelezavignon.com\/de\/wp-json\/wp\/v2\/media\/1573"}],"wp:attachment":[{"href":"https:\/\/www.camping-villeneuvelezavignon.com\/de\/wp-json\/wp\/v2\/media?parent=438"}],"curies":[{"name":"wp","href":"https:\/\/api.w.org\/{rel}","templated":true}]}}