{"id":436,"date":"2018-03-26T11:42:36","date_gmt":"2018-03-26T09:42:36","guid":{"rendered":"http:\/\/www.camping-villeneuvelezavignon.com\/region\/"},"modified":"2018-07-31T11:27:50","modified_gmt":"2018-07-31T09:27:50","slug":"region","status":"publish","type":"page","link":"https:\/\/www.camping-villeneuvelezavignon.com\/de\/region\/","title":{"rendered":"Region"},"content":{"rendered":"<p>[vc_row el_class=&#8220;wrap center&#8220;][vc_column][vc_column_text]<\/p>\n<p style=\"text-align: center;\">Das D\u00e9partement Gard wird Ihre Erwartungen durch sein vielf\u00e4ltiges Freizeitangebot voll und ganz erf\u00fcllen. Kulturelle Sehensw\u00fcrdigkeiten, Outdoor-Aktivit\u00e4ten, Wanderpfade, Festivals und lokale Produkte &#8211; bei Ihrem Campingurlaub im Gard ist f\u00fcr jeden Geschmack etwas dabei.<\/p>\n<p>[\/vc_column_text][\/vc_column][\/vc_row][vc_row el_class=&#8220;bgbeige center&#8220;][vc_column][vc_row_inner el_class=&#8220;wrap center&#8220; css=&#8220;.vc_custom_1520282230186{margin-top: 30px !important;}&#8220;][vc_column_inner width=&#8220;1\/2&#8243;][vc_column_text css=&#8220;.vc_custom_1520282262464{margin-top: 75px !important;margin-right: 35px !important;margin-left: 35px !important;}&#8220;]<\/p>\n<p style=\"text-align: center;\">Der perfekte Ort f\u00fcr einen Urlaub mit der Familie oder Freunden. Das D\u00e9partment bietet allen Touristen spannende und abwechslungsreiche Aktivit\u00e4ten f\u00fcr Gro\u00df und Klein. Entdecken Sie unser Weltkulturerbe und besichtigen die von der UNESCO gesch\u00fctzte Br\u00fccke Pont du Gard oder besuchen Sie das Haribo-Museum in Uz\u00e8s, in dem Sie garantiert zur Naschkatze werden.<\/p>\n<p>Auf M\u00e4rkten und Flohm\u00e4rkten, die in der Haupt- und Nebensaison stattfinden, k\u00f6nnen Sie die Sch\u00f6nheit der Region entdecken und heimische Produkte kennenlernen. Die ber\u00fchmten Weinberge der C\u00f4tes du Rh\u00f4ne und kulinarischen Spezialit\u00e4ten S\u00fcdfrankreichs werden Sie mit Sicherheit begeistern.<\/p>\n<p style=\"text-align: center;\">In der vielseitigen, pr\u00e4chtigen Landschaft des Gard herrscht ein sonniges Klima, in dem Sie Ihren Urlaub in Villeneuve les Avignon in vollen Z\u00fcgen genie\u00dfen k\u00f6nnen.<\/p>\n<p>[\/vc_column_text][\/vc_column_inner][vc_column_inner width=&#8220;1\/2&#8243;][vc_single_image image=&#8220;1539&#8243; img_size=&#8220;full&#8220;][\/vc_column_inner][\/vc_row_inner][vc_row_inner el_class=&#8220;wrap center&#8220;][vc_column_inner width=&#8220;1\/3&#8243;][vc_single_image image=&#8220;1543&#8243; img_size=&#8220;full&#8220;][\/vc_column_inner][vc_column_inner width=&#8220;1\/3&#8243;][vc_single_image image=&#8220;1547&#8243; img_size=&#8220;full&#8220;][\/vc_column_inner][vc_column_inner width=&#8220;1\/3&#8243;][vc_single_image image=&#8220;1551&#8243; img_size=&#8220;full&#8220;][\/vc_column_inner][\/vc_row_inner][\/vc_column][\/vc_row][vc_row el_class=&#8220;bgbrown center border-top-green&#8220;][vc_column][vc_row_inner el_class=&#8220;center wrap&#8220;][vc_column_inner width=&#8220;1\/2&#8243; offset=&#8220;vc_col-lg-5 vc_col-md-5 vc_col-xs-12&#8243;][vc_raw_html el_id=&#8220;facebook-wrap&#8220; el_class=&#8220;bgbeige&#8220;]JTNDZGl2JTIwaWQlM0QlMjJmYWNlYm9vay10aXRsZSUyMiUzRUZhY2Vib29rJTNDJTJGZGl2JTNFJTBBJTBBJTNDZGl2JTIwaWQlM0QlMjJmYWNlYm9vay1mcmFtZSUyMiUzRSUwQSUzQ2RpdiUyMGlkJTNEJTIyZmItcm9vdCUyMiUzRSUzQyUyRmRpdiUzRSUwQSUzQ3NjcmlwdCUzRSUyOGZ1bmN0aW9uJTI4ZCUyQyUyMHMlMkMlMjBpZCUyOSUyMCU3QiUwQSUyMCUyMHZhciUyMGpzJTJDJTIwZmpzJTIwJTNEJTIwZC5nZXRFbGVtZW50c0J5VGFnTmFtZSUyOHMlMjklNUIwJTVEJTNCJTBBJTIwJTIwaWYlMjAlMjhkLmdldEVsZW1lbnRCeUlkJTI4aWQlMjklMjklMjByZXR1cm4lM0IlMEElMjAlMjBqcyUyMCUzRCUyMGQuY3JlYXRlRWxlbWVudCUyOHMlMjklM0IlMjBqcy5pZCUyMCUzRCUyMGlkJTNCJTBBJTIwJTIwanMuc3JjJTIwJTNEJTIwJTI3aHR0cHMlM0ElMkYlMkZjb25uZWN0LmZhY2Vib29rLm5ldCUyRmZyX0ZSJTJGc2RrLmpzJTIzeGZibWwlM0QxJTI2dmVyc2lvbiUzRHYyLjExJTI2YXBwSWQlM0Q0MjUyMTg4MjEyMDMzNTclMjclM0IlMEElMjAlMjBmanMucGFyZW50Tm9kZS5pbnNlcnRCZWZvcmUlMjhqcyUyQyUyMGZqcyUyOSUzQiUwQSU3RCUyOGRvY3VtZW50JTJDJTIwJTI3c2NyaXB0JTI3JTJDJTIwJTI3ZmFjZWJvb2stanNzZGslMjclMjklMjklM0IlM0MlMkZzY3JpcHQlM0UlMEElM0NkaXYlMjBjbGFzcyUzRCUyMmZiLXBhZ2UlMjIlMjBkYXRhLWhyZWYlM0QlMjJodHRwcyUzQSUyRiUyRnd3dy5mYWNlYm9vay5jb20lMkZjYW1waW5nbGVzYXZpZ25vbiUyRiUyMiUyMGRhdGEtdGFicyUzRCUyMnRpbWVsaW5lJTIyJTIwZGF0YS1oZWlnaHQlM0QlMjIzMzIlMjIlMjBkYXRhLXNtYWxsLWhlYWRlciUzRCUyMmZhbHNlJTIyJTIwZGF0YS1hZGFwdC1jb250YWluZXItd2lkdGglM0QlMjJ0cnVlJTIyJTIwZGF0YS1oaWRlLWNvdmVyJTNEJTIyZmFsc2UlMjIlMjBkYXRhLXNob3ctZmFjZXBpbGUlM0QlMjJ0cnVlJTIyJTNFJTNDYmxvY2txdW90ZSUyMGNpdGUlM0QlMjJodHRwcyUzQSUyRiUyRnd3dy5mYWNlYm9vay5jb20lMkZjYW1waW5nbGVzYXZpZ25vbiUyRiUyMiUyMGNsYXNzJTNEJTIyZmIteGZibWwtcGFyc2UtaWdub3JlJTIyJTNFJTNDYSUyMGhyZWYlM0QlMjJodHRwcyUzQSUyRiUyRnd3dy5mYWNlYm9vay5jb20lMkZjYW1waW5nbGVzYXZpZ25vbiUyRiUyMiUzRUNhbXBpbmclMjBMZXMlMjBBdmlnbm9uJTNDJTJGYSUzRSUzQyUyRmJsb2NrcXVvdGUlM0UlM0MlMkZkaXYlM0UlMEElM0MlMkZkaXYlM0U=[\/vc_raw_html][\/vc_column_inner][vc_column_inner width=&#8220;1\/2&#8243; offset=&#8220;vc_col-lg-7 vc_col-md-7 vc_col-xs-12&#8243;][vc_column_text el_class=&#8220;title border-bottom-white&#8220; css=&#8220;.vc_custom_1520239391807{margin-right: 35px !important;margin-left: 35px !important;padding-top: 40px !important;}&#8220;]<\/p>\n<h2 style=\"text-align: center;\"><strong>Haben Sie Fragen?<\/strong> Kontaktieren Sie uns!<\/h2>\n<p>[\/vc_column_text][vc_raw_html el_id=&#8220;social-row social-box&#8220; el_class=&#8220;center&#8220;]JTBBJTNDZGl2JTIwY2xhc3MlM0QlMjJjb250YWN0LWZvb3QlMjIlM0UlMEElMEElMjAlMjAlMjAlMjAlM0NpJTIwY2xhc3MlM0QlMjJmYSUyMGZhLWVudmVsb3BlJTIyJTNFJTNDJTJGaSUzRSUyMCUzQ3NwYW4lM0VjYW1waW5nbGVzYXZpZ25vbiU0MGdtYWlsLmNvbSUzQyUyRnNwYW4lM0UlMEElMEElM0MlMkZkaXYlM0UlMEElMEElM0NkaXYlMjBjbGFzcyUzRCUyMmNvbnRhY3QtZm9vdCUyMiUzRSUwQSUwQSUyMCUyMCUyMCUyMCUzQ2klMjBjbGFzcyUzRCUyMmZhJTIwZmEtbWFwLW1hcmtlciUyMiUzRSUzQyUyRmklM0UlMjAlM0NzcGFuJTNFQ2hlbWluJTIwZGUlMjBTYWludCUyMEhvbm9yJUMzJUE5JTNDYnIlMkYlM0UzMDQwMCUyMFZpbGxlbmV1dmUtbCVDMyVBOHMtQXZpZ25vbiUzQyUyRnNwYW4lM0UlMEElMEElM0MlMkZkaXYlM0UlMEElMEElM0NkaXYlMjBjbGFzcyUzRCUyMmNvbnRhY3QtZm9vdCUyMiUzRSUwQSUwQSUyMCUyMCUyMCUyMCUzQ2klMjBjbGFzcyUzRCUyMmZhJTIwZmEtcGhvbmUlMjIlM0UlM0MlMkZpJTNFJTIwJTNDc3BhbiUzRSUyQjMzJTIwJTI4MCUyOTQlMjA5MCUyMDI1JTIwNzYlMjAwNiUzQyUyRnNwYW4lM0UlMEElMEElM0MlMkZkaXYlM0UlMEElMEE=[\/vc_raw_html][\/vc_column_inner][\/vc_row_inner][\/vc_column][\/vc_row]<\/p>\n","protected":false},"excerpt":{"rendered":"<p>[vc_row el_class=&#8220;wrap center&#8220;][vc_column][vc_column_text] Das D\u00e9partement Gard wird Ihre Erwartungen durch [&hellip;]<\/p>\n<a href=\"https:\/\/www.camping-villeneuvelezavignon.com\/de\/region\/\">View Post<\/a>","protected":false},"author":1,"featured_media":2166,"parent":0,"menu_order":0,"comment_status":"closed","ping_status":"closed","template":"page-templates\/full.php","meta":{"_acf_changed":false,"footnotes":""},"class_list":["post-436","page","type-page","status-publish","has-post-thumbnail","hentry"],"acf":[],"yoast_head":"<!-- This site is optimized with the Yoast SEO plugin v25.3 - https:\/\/yoast.com\/wordpress\/plugins\/seo\/ -->\n<title>Tourismus Region Okzitanien | Besuchen Sie Okzitanien w\u00e4hrend Ihres Urlaubs<\/title>\n<meta name=\"robots\" content=\"index, follow, max-snippet:-1, max-image-preview:large, max-video-preview:-1\" \/>\n<link rel=\"canonical\" href=\"https:\/\/www.camping-villeneuvelezavignon.com\/de\/region\/\" \/>\n<meta name=\"twitter:card\" content=\"summary_large_image\" \/>\n<meta name=\"twitter:title\" content=\"Tourismus Region Okzitanien | Besuchen Sie Okzitanien w\u00e4hrend Ihres Urlaubs\" \/>\n<meta name=\"twitter:description\" content=\"[vc_row el_class=&#8220;wrap center&#8220;][vc_column][vc_column_text] Das D\u00e9partement Gard wird Ihre Erwartungen durch [&hellip;]\" \/>\n<meta name=\"twitter:image\" content=\"https:\/\/www.camping-villeneuvelezavignon.com\/wp-content\/uploads\/2023\/05\/joel-vogt-PHwwuK6MSxg-unsplash-1-scaled-e1685451672228.jpg\" \/>\n<meta name=\"twitter:label1\" content=\"Gesch\u00e4tzte Lesezeit\" \/>\n\t<meta name=\"twitter:data1\" content=\"3\u00a0Minuten\" \/>\n<script type=\"application\/ld+json\" class=\"yoast-schema-graph\">{\"@context\":\"https:\/\/schema.org\",\"@graph\":[{\"@type\":\"WebPage\",\"@id\":\"https:\/\/www.camping-villeneuvelezavignon.com\/de\/region\/\",\"url\":\"https:\/\/www.camping-villeneuvelezavignon.com\/de\/region\/\",\"name\":\"Tourismus Region Okzitanien | Besuchen Sie Okzitanien w\u00e4hrend Ihres Urlaubs\",\"isPartOf\":{\"@id\":\"https:\/\/www.camping-villeneuvelezavignon.com\/#website\"},\"primaryImageOfPage\":{\"@id\":\"https:\/\/www.camping-villeneuvelezavignon.com\/de\/region\/#primaryimage\"},\"image\":{\"@id\":\"https:\/\/www.camping-villeneuvelezavignon.com\/de\/region\/#primaryimage\"},\"thumbnailUrl\":\"https:\/\/www.camping-villeneuvelezavignon.com\/wp-content\/uploads\/2023\/05\/joel-vogt-PHwwuK6MSxg-unsplash-1-scaled-e1685451672228.jpg\",\"datePublished\":\"2018-03-26T09:42:36+00:00\",\"dateModified\":\"2018-07-31T09:27:50+00:00\",\"breadcrumb\":{\"@id\":\"https:\/\/www.camping-villeneuvelezavignon.com\/de\/region\/#breadcrumb\"},\"inLanguage\":\"de\",\"potentialAction\":[{\"@type\":\"ReadAction\",\"target\":[\"https:\/\/www.camping-villeneuvelezavignon.com\/de\/region\/\"]}]},{\"@type\":\"ImageObject\",\"inLanguage\":\"de\",\"@id\":\"https:\/\/www.camping-villeneuvelezavignon.com\/de\/region\/#primaryimage\",\"url\":\"https:\/\/www.camping-villeneuvelezavignon.com\/wp-content\/uploads\/2023\/05\/joel-vogt-PHwwuK6MSxg-unsplash-1-scaled-e1685451672228.jpg\",\"contentUrl\":\"https:\/\/www.camping-villeneuvelezavignon.com\/wp-content\/uploads\/2023\/05\/joel-vogt-PHwwuK6MSxg-unsplash-1-scaled-e1685451672228.jpg\"},{\"@type\":\"BreadcrumbList\",\"@id\":\"https:\/\/www.camping-villeneuvelezavignon.com\/de\/region\/#breadcrumb\",\"itemListElement\":[{\"@type\":\"ListItem\",\"position\":1,\"name\":\"Camping Avignon\",\"item\":\"https:\/\/www.camping-villeneuvelezavignon.com\/de\/\"},{\"@type\":\"ListItem\",\"position\":2,\"name\":\"Region\"}]},{\"@type\":\"WebSite\",\"@id\":\"https:\/\/www.camping-villeneuvelezavignon.com\/#website\",\"url\":\"https:\/\/www.camping-villeneuvelezavignon.com\/\",\"name\":\"Camping Les Avignon\",\"description\":\"\",\"potentialAction\":[{\"@type\":\"SearchAction\",\"target\":{\"@type\":\"EntryPoint\",\"urlTemplate\":\"https:\/\/www.camping-villeneuvelezavignon.com\/?s={search_term_string}\"},\"query-input\":{\"@type\":\"PropertyValueSpecification\",\"valueRequired\":true,\"valueName\":\"search_term_string\"}}],\"inLanguage\":\"de\"}]}<\/script>\n<!-- \/ Yoast SEO plugin. -->","yoast_head_json":{"title":"Tourismus Region Okzitanien | Besuchen Sie Okzitanien w\u00e4hrend Ihres Urlaubs","robots":{"index":"index","follow":"follow","max-snippet":"max-snippet:-1","max-image-preview":"max-image-preview:large","max-video-preview":"max-video-preview:-1"},"canonical":"https:\/\/www.camping-villeneuvelezavignon.com\/de\/region\/","twitter_card":"summary_large_image","twitter_title":"Tourismus Region Okzitanien | Besuchen Sie Okzitanien w\u00e4hrend Ihres Urlaubs","twitter_description":"[vc_row el_class=&#8220;wrap center&#8220;][vc_column][vc_column_text] Das D\u00e9partement Gard wird Ihre Erwartungen durch [&hellip;]","twitter_image":"https:\/\/www.camping-villeneuvelezavignon.com\/wp-content\/uploads\/2023\/05\/joel-vogt-PHwwuK6MSxg-unsplash-1-scaled-e1685451672228.jpg","twitter_misc":{"Gesch\u00e4tzte Lesezeit":"3\u00a0Minuten"},"schema":{"@context":"https:\/\/schema.org","@graph":[{"@type":"WebPage","@id":"https:\/\/www.camping-villeneuvelezavignon.com\/de\/region\/","url":"https:\/\/www.camping-villeneuvelezavignon.com\/de\/region\/","name":"Tourismus Region Okzitanien | Besuchen Sie Okzitanien w\u00e4hrend Ihres Urlaubs","isPartOf":{"@id":"https:\/\/www.camping-villeneuvelezavignon.com\/#website"},"primaryImageOfPage":{"@id":"https:\/\/www.camping-villeneuvelezavignon.com\/de\/region\/#primaryimage"},"image":{"@id":"https:\/\/www.camping-villeneuvelezavignon.com\/de\/region\/#primaryimage"},"thumbnailUrl":"https:\/\/www.camping-villeneuvelezavignon.com\/wp-content\/uploads\/2023\/05\/joel-vogt-PHwwuK6MSxg-unsplash-1-scaled-e1685451672228.jpg","datePublished":"2018-03-26T09:42:36+00:00","dateModified":"2018-07-31T09:27:50+00:00","breadcrumb":{"@id":"https:\/\/www.camping-villeneuvelezavignon.com\/de\/region\/#breadcrumb"},"inLanguage":"de","potentialAction":[{"@type":"ReadAction","target":["https:\/\/www.camping-villeneuvelezavignon.com\/de\/region\/"]}]},{"@type":"ImageObject","inLanguage":"de","@id":"https:\/\/www.camping-villeneuvelezavignon.com\/de\/region\/#primaryimage","url":"https:\/\/www.camping-villeneuvelezavignon.com\/wp-content\/uploads\/2023\/05\/joel-vogt-PHwwuK6MSxg-unsplash-1-scaled-e1685451672228.jpg","contentUrl":"https:\/\/www.camping-villeneuvelezavignon.com\/wp-content\/uploads\/2023\/05\/joel-vogt-PHwwuK6MSxg-unsplash-1-scaled-e1685451672228.jpg"},{"@type":"BreadcrumbList","@id":"https:\/\/www.camping-villeneuvelezavignon.com\/de\/region\/#breadcrumb","itemListElement":[{"@type":"ListItem","position":1,"name":"Camping Avignon","item":"https:\/\/www.camping-villeneuvelezavignon.com\/de\/"},{"@type":"ListItem","position":2,"name":"Region"}]},{"@type":"WebSite","@id":"https:\/\/www.camping-villeneuvelezavignon.com\/#website","url":"https:\/\/www.camping-villeneuvelezavignon.com\/","name":"Camping Les Avignon","description":"","potentialAction":[{"@type":"SearchAction","target":{"@type":"EntryPoint","urlTemplate":"https:\/\/www.camping-villeneuvelezavignon.com\/?s={search_term_string}"},"query-input":{"@type":"PropertyValueSpecification","valueRequired":true,"valueName":"search_term_string"}}],"inLanguage":"de"}]}},"_links":{"self":[{"href":"https:\/\/www.camping-villeneuvelezavignon.com\/de\/wp-json\/wp\/v2\/pages\/436"}],"collection":[{"href":"https:\/\/www.camping-villeneuvelezavignon.com\/de\/wp-json\/wp\/v2\/pages"}],"about":[{"href":"https:\/\/www.camping-villeneuvelezavignon.com\/de\/wp-json\/wp\/v2\/types\/page"}],"author":[{"embeddable":true,"href":"https:\/\/www.camping-villeneuvelezavignon.com\/de\/wp-json\/wp\/v2\/users\/1"}],"replies":[{"embeddable":true,"href":"https:\/\/www.camping-villeneuvelezavignon.com\/de\/wp-json\/wp\/v2\/comments?post=436"}],"version-history":[{"count":4,"href":"https:\/\/www.camping-villeneuvelezavignon.com\/de\/wp-json\/wp\/v2\/pages\/436\/revisions"}],"predecessor-version":[{"id":1603,"href":"https:\/\/www.camping-villeneuvelezavignon.com\/de\/wp-json\/wp\/v2\/pages\/436\/revisions\/1603"}],"wp:featuredmedia":[{"embeddable":true,"href":"https:\/\/www.camping-villeneuvelezavignon.com\/de\/wp-json\/wp\/v2\/media\/2166"}],"wp:attachment":[{"href":"https:\/\/www.camping-villeneuvelezavignon.com\/de\/wp-json\/wp\/v2\/media?parent=436"}],"curies":[{"name":"wp","href":"https:\/\/api.w.org\/{rel}","templated":true}]}}