{"id":2065,"date":"2023-05-17T16:21:45","date_gmt":"2023-05-17T14:21:45","guid":{"rendered":"https:\/\/www.camping-villeneuvelezavignon.com\/unterkunfte\/vermietung-cottage-8-pers-avignon\/"},"modified":"2024-01-18T12:15:48","modified_gmt":"2024-01-18T11:15:48","slug":"vermietung-cottage-8-pers-avignon","status":"publish","type":"page","link":"https:\/\/www.camping-villeneuvelezavignon.com\/de\/unterkunfte\/vermietung-cottage-8-pers-avignon\/","title":{"rendered":"Vermietung Cottage 8 pers Avignon"},"content":{"rendered":"<p>[vc_row el_class=&#8220;wrap center&#8220;][vc_column][vc_column_text]Das Cottage f\u00fcr 8 Personen ist ein gro\u00dfes Mobilheim, das Sie f\u00fcr einen angenehmen Urlaub in Avignon mit der Familie oder mit Freunden willkommen hei\u00dfen wird. Ausgestattet mit Klimaanlage und 4 Schlafzimmern ist dieses gro\u00dfe und helle Cottage mit seiner Holzterrasse perfekt zum Entspannen.[\/vc_column_text][\/vc_column][\/vc_row][vc_row css=&#8220;.vc_custom_1521736121424{margin-bottom: 20px !important;padding-top: 35px !important;}&#8220; el_class=&#8220;bgbeige&#8220;][vc_column][vc_row_inner content_placement=&#8220;middle&#8220; el_class=&#8220;wrap center&#8220;][vc_column_inner width=&#8220;1\/2&#8243;][vc_column_text]<br \/>\nFl\u00e4che: 42 m\u00b2 + \u00fcberdachte Terrasse<br \/>\nAnzahl der Personen : 8<br \/>\n4 Schlafzimmer: 2 Schlafzimmer mit einem Doppelbett \/ 2 Schlafzimmer mit zwei Einzelbetten.<br \/>\n1 ausgestattete K\u00fcche: Geschirr, K\u00fchlschrank mit Gefrierfach, Kochplatten, Mikrowelle, Dunstabzugshaube und Geschirrsp\u00fcler.<br \/>\nBadezimmer\/ WC.<br \/>\nTisch und St\u00fchle<br \/>\nKissen und Decken inkl.<br \/>\nGas, Wasser und Strom inklusive<br \/>\nHaustiere werden akzeptiert.<br \/>\nParkplatz: auf dem Stellplatz in der N\u00e4he des Mobilheims<br \/>\n[\/vc_column_text][vc_btn title=&#8220;Inventar 8 Personen&#8220; style=&#8220;flat&#8220; shape=&#8220;square&#8220; color=&#8220;green&#8220; link=&#8220;url:https%3A%2F%2Fwww.camping-villeneuvelezavignon.com%2Fwp-content%2Fuploads%2F2023%2F04%2FInventaire-Cottage-8pers.pdf|target:%20_blank|&#8220;][\/vc_column_inner][vc_column_inner width=&#8220;1\/2&#8243; css=&#8220;.vc_custom_1520267335605{margin-right: 35px !important;margin-left: 35px !important;}&#8220;][vc_single_image image=&#8220;2077&#8243; img_size=&#8220;full&#8220;][\/vc_column_inner][\/vc_row_inner][vc_row_inner content_placement=&#8220;middle&#8220; el_class=&#8220;wrap center&#8220;][vc_column_inner width=&#8220;1\/3&#8243;][vc_single_image image=&#8220;1816&#8243; img_size=&#8220;full&#8220;][\/vc_column_inner][vc_column_inner width=&#8220;1\/3&#8243;][vc_single_image image=&#8220;1812&#8243; img_size=&#8220;full&#8220;][\/vc_column_inner][vc_column_inner width=&#8220;1\/3&#8243;][vc_single_image image=&#8220;1820&#8243; img_size=&#8220;full&#8220;][\/vc_column_inner][\/vc_row_inner][vc_column_text el_class=&#8220;center&#8220;]Fotos nicht vertraglich bindend.[\/vc_column_text][\/vc_column][\/vc_row][vc_row el_class=&#8220;wrap center&#8220;][vc_column][vc_raw_html]JTNDdGhyLXNpbXBsZWJsb2NrJTIwY2F0ZWdvcmllcyUzRCUyMiU1QjYlNUQlMjIlMjBzZWFyY2gtdHlwZSUzRCUyMjElMjIlM0UlM0MlMkZ0aHItc2ltcGxlYmxvY2slM0U=[\/vc_raw_html][\/vc_column][\/vc_row][vc_row][vc_column][\/vc_column][\/vc_row]<\/p>\n","protected":false},"excerpt":{"rendered":"<p>[vc_row el_class=&#8220;wrap center&#8220;][vc_column][vc_column_text]Das Cottage f\u00fcr 8 Personen ist ein gro\u00dfes [&hellip;]<\/p>\n<a href=\"https:\/\/www.camping-villeneuvelezavignon.com\/de\/unterkunfte\/vermietung-cottage-8-pers-avignon\/\">View Post<\/a>","protected":false},"author":1,"featured_media":2077,"parent":434,"menu_order":0,"comment_status":"closed","ping_status":"closed","template":"page-templates\/page-soeur-locatif.php","meta":{"_acf_changed":false,"footnotes":""},"class_list":["post-2065","page","type-page","status-publish","has-post-thumbnail","hentry"],"acf":[],"yoast_head":"<!-- This site is optimized with the Yoast SEO plugin v25.3 - https:\/\/yoast.com\/wordpress\/plugins\/seo\/ -->\n<title>Vermietung Cottage Confort 6 Personen in Avignon, im Gard<\/title>\n<meta name=\"robots\" content=\"index, follow, max-snippet:-1, max-image-preview:large, max-video-preview:-1\" \/>\n<link rel=\"canonical\" href=\"https:\/\/www.camping-villeneuvelezavignon.com\/de\/unterkunfte\/vermietung-cottage-8-pers-avignon\/\" \/>\n<meta name=\"twitter:card\" content=\"summary_large_image\" \/>\n<meta name=\"twitter:title\" content=\"Vermietung Cottage Confort 6 Personen in Avignon, im Gard\" \/>\n<meta name=\"twitter:description\" content=\"[vc_row el_class=&#8220;wrap center&#8220;][vc_column][vc_column_text]Das Cottage f\u00fcr 8 Personen ist ein gro\u00dfes [&hellip;]\" \/>\n<meta name=\"twitter:image\" content=\"https:\/\/www.camping-villeneuvelezavignon.com\/wp-content\/uploads\/2023\/05\/Camping-Lez-Avignon-05-2018-33-1.jpg\" \/>\n<meta name=\"twitter:label1\" content=\"Gesch\u00e4tzte Lesezeit\" \/>\n\t<meta name=\"twitter:data1\" content=\"1\u00a0Minute\" \/>\n<script type=\"application\/ld+json\" class=\"yoast-schema-graph\">{\"@context\":\"https:\/\/schema.org\",\"@graph\":[{\"@type\":\"WebPage\",\"@id\":\"https:\/\/www.camping-villeneuvelezavignon.com\/de\/unterkunfte\/vermietung-cottage-8-pers-avignon\/\",\"url\":\"https:\/\/www.camping-villeneuvelezavignon.com\/de\/unterkunfte\/vermietung-cottage-8-pers-avignon\/\",\"name\":\"Vermietung Cottage Confort 6 Personen in Avignon, im Gard\",\"isPartOf\":{\"@id\":\"https:\/\/www.camping-villeneuvelezavignon.com\/#website\"},\"primaryImageOfPage\":{\"@id\":\"https:\/\/www.camping-villeneuvelezavignon.com\/de\/unterkunfte\/vermietung-cottage-8-pers-avignon\/#primaryimage\"},\"image\":{\"@id\":\"https:\/\/www.camping-villeneuvelezavignon.com\/de\/unterkunfte\/vermietung-cottage-8-pers-avignon\/#primaryimage\"},\"thumbnailUrl\":\"https:\/\/www.camping-villeneuvelezavignon.com\/wp-content\/uploads\/2023\/05\/Camping-Lez-Avignon-05-2018-33-1.jpg\",\"datePublished\":\"2023-05-17T14:21:45+00:00\",\"dateModified\":\"2024-01-18T11:15:48+00:00\",\"breadcrumb\":{\"@id\":\"https:\/\/www.camping-villeneuvelezavignon.com\/de\/unterkunfte\/vermietung-cottage-8-pers-avignon\/#breadcrumb\"},\"inLanguage\":\"de\",\"potentialAction\":[{\"@type\":\"ReadAction\",\"target\":[\"https:\/\/www.camping-villeneuvelezavignon.com\/de\/unterkunfte\/vermietung-cottage-8-pers-avignon\/\"]}]},{\"@type\":\"ImageObject\",\"inLanguage\":\"de\",\"@id\":\"https:\/\/www.camping-villeneuvelezavignon.com\/de\/unterkunfte\/vermietung-cottage-8-pers-avignon\/#primaryimage\",\"url\":\"https:\/\/www.camping-villeneuvelezavignon.com\/wp-content\/uploads\/2023\/05\/Camping-Lez-Avignon-05-2018-33-1.jpg\",\"contentUrl\":\"https:\/\/www.camping-villeneuvelezavignon.com\/wp-content\/uploads\/2023\/05\/Camping-Lez-Avignon-05-2018-33-1.jpg\",\"width\":1369,\"height\":1002},{\"@type\":\"BreadcrumbList\",\"@id\":\"https:\/\/www.camping-villeneuvelezavignon.com\/de\/unterkunfte\/vermietung-cottage-8-pers-avignon\/#breadcrumb\",\"itemListElement\":[{\"@type\":\"ListItem\",\"position\":1,\"name\":\"Camping Avignon\",\"item\":\"https:\/\/www.camping-villeneuvelezavignon.com\/de\/\"},{\"@type\":\"ListItem\",\"position\":2,\"name\":\"Unterk\u00fcnfte\",\"item\":\"https:\/\/www.camping-villeneuvelezavignon.com\/de\/unterkunfte\/\"},{\"@type\":\"ListItem\",\"position\":3,\"name\":\"Vermietung Cottage 8 pers Avignon\"}]},{\"@type\":\"WebSite\",\"@id\":\"https:\/\/www.camping-villeneuvelezavignon.com\/#website\",\"url\":\"https:\/\/www.camping-villeneuvelezavignon.com\/\",\"name\":\"Camping Les Avignon\",\"description\":\"\",\"potentialAction\":[{\"@type\":\"SearchAction\",\"target\":{\"@type\":\"EntryPoint\",\"urlTemplate\":\"https:\/\/www.camping-villeneuvelezavignon.com\/?s={search_term_string}\"},\"query-input\":{\"@type\":\"PropertyValueSpecification\",\"valueRequired\":true,\"valueName\":\"search_term_string\"}}],\"inLanguage\":\"de\"}]}<\/script>\n<!-- \/ Yoast SEO plugin. -->","yoast_head_json":{"title":"Vermietung Cottage Confort 6 Personen in Avignon, im Gard","robots":{"index":"index","follow":"follow","max-snippet":"max-snippet:-1","max-image-preview":"max-image-preview:large","max-video-preview":"max-video-preview:-1"},"canonical":"https:\/\/www.camping-villeneuvelezavignon.com\/de\/unterkunfte\/vermietung-cottage-8-pers-avignon\/","twitter_card":"summary_large_image","twitter_title":"Vermietung Cottage Confort 6 Personen in Avignon, im Gard","twitter_description":"[vc_row el_class=&#8220;wrap center&#8220;][vc_column][vc_column_text]Das Cottage f\u00fcr 8 Personen ist ein gro\u00dfes [&hellip;]","twitter_image":"https:\/\/www.camping-villeneuvelezavignon.com\/wp-content\/uploads\/2023\/05\/Camping-Lez-Avignon-05-2018-33-1.jpg","twitter_misc":{"Gesch\u00e4tzte Lesezeit":"1\u00a0Minute"},"schema":{"@context":"https:\/\/schema.org","@graph":[{"@type":"WebPage","@id":"https:\/\/www.camping-villeneuvelezavignon.com\/de\/unterkunfte\/vermietung-cottage-8-pers-avignon\/","url":"https:\/\/www.camping-villeneuvelezavignon.com\/de\/unterkunfte\/vermietung-cottage-8-pers-avignon\/","name":"Vermietung Cottage Confort 6 Personen in Avignon, im Gard","isPartOf":{"@id":"https:\/\/www.camping-villeneuvelezavignon.com\/#website"},"primaryImageOfPage":{"@id":"https:\/\/www.camping-villeneuvelezavignon.com\/de\/unterkunfte\/vermietung-cottage-8-pers-avignon\/#primaryimage"},"image":{"@id":"https:\/\/www.camping-villeneuvelezavignon.com\/de\/unterkunfte\/vermietung-cottage-8-pers-avignon\/#primaryimage"},"thumbnailUrl":"https:\/\/www.camping-villeneuvelezavignon.com\/wp-content\/uploads\/2023\/05\/Camping-Lez-Avignon-05-2018-33-1.jpg","datePublished":"2023-05-17T14:21:45+00:00","dateModified":"2024-01-18T11:15:48+00:00","breadcrumb":{"@id":"https:\/\/www.camping-villeneuvelezavignon.com\/de\/unterkunfte\/vermietung-cottage-8-pers-avignon\/#breadcrumb"},"inLanguage":"de","potentialAction":[{"@type":"ReadAction","target":["https:\/\/www.camping-villeneuvelezavignon.com\/de\/unterkunfte\/vermietung-cottage-8-pers-avignon\/"]}]},{"@type":"ImageObject","inLanguage":"de","@id":"https:\/\/www.camping-villeneuvelezavignon.com\/de\/unterkunfte\/vermietung-cottage-8-pers-avignon\/#primaryimage","url":"https:\/\/www.camping-villeneuvelezavignon.com\/wp-content\/uploads\/2023\/05\/Camping-Lez-Avignon-05-2018-33-1.jpg","contentUrl":"https:\/\/www.camping-villeneuvelezavignon.com\/wp-content\/uploads\/2023\/05\/Camping-Lez-Avignon-05-2018-33-1.jpg","width":1369,"height":1002},{"@type":"BreadcrumbList","@id":"https:\/\/www.camping-villeneuvelezavignon.com\/de\/unterkunfte\/vermietung-cottage-8-pers-avignon\/#breadcrumb","itemListElement":[{"@type":"ListItem","position":1,"name":"Camping Avignon","item":"https:\/\/www.camping-villeneuvelezavignon.com\/de\/"},{"@type":"ListItem","position":2,"name":"Unterk\u00fcnfte","item":"https:\/\/www.camping-villeneuvelezavignon.com\/de\/unterkunfte\/"},{"@type":"ListItem","position":3,"name":"Vermietung Cottage 8 pers Avignon"}]},{"@type":"WebSite","@id":"https:\/\/www.camping-villeneuvelezavignon.com\/#website","url":"https:\/\/www.camping-villeneuvelezavignon.com\/","name":"Camping Les Avignon","description":"","potentialAction":[{"@type":"SearchAction","target":{"@type":"EntryPoint","urlTemplate":"https:\/\/www.camping-villeneuvelezavignon.com\/?s={search_term_string}"},"query-input":{"@type":"PropertyValueSpecification","valueRequired":true,"valueName":"search_term_string"}}],"inLanguage":"de"}]}},"_links":{"self":[{"href":"https:\/\/www.camping-villeneuvelezavignon.com\/de\/wp-json\/wp\/v2\/pages\/2065"}],"collection":[{"href":"https:\/\/www.camping-villeneuvelezavignon.com\/de\/wp-json\/wp\/v2\/pages"}],"about":[{"href":"https:\/\/www.camping-villeneuvelezavignon.com\/de\/wp-json\/wp\/v2\/types\/page"}],"author":[{"embeddable":true,"href":"https:\/\/www.camping-villeneuvelezavignon.com\/de\/wp-json\/wp\/v2\/users\/1"}],"replies":[{"embeddable":true,"href":"https:\/\/www.camping-villeneuvelezavignon.com\/de\/wp-json\/wp\/v2\/comments?post=2065"}],"version-history":[{"count":13,"href":"https:\/\/www.camping-villeneuvelezavignon.com\/de\/wp-json\/wp\/v2\/pages\/2065\/revisions"}],"predecessor-version":[{"id":2613,"href":"https:\/\/www.camping-villeneuvelezavignon.com\/de\/wp-json\/wp\/v2\/pages\/2065\/revisions\/2613"}],"up":[{"embeddable":true,"href":"https:\/\/www.camping-villeneuvelezavignon.com\/de\/wp-json\/wp\/v2\/pages\/434"}],"wp:featuredmedia":[{"embeddable":true,"href":"https:\/\/www.camping-villeneuvelezavignon.com\/de\/wp-json\/wp\/v2\/media\/2077"}],"wp:attachment":[{"href":"https:\/\/www.camping-villeneuvelezavignon.com\/de\/wp-json\/wp\/v2\/media?parent=2065"}],"curies":[{"name":"wp","href":"https:\/\/api.w.org\/{rel}","templated":true}]}}