{"id":1293,"date":"2018-03-26T16:52:38","date_gmt":"2018-03-26T14:52:38","guid":{"rendered":"https:\/\/www.camping-villeneuvelezavignon.com\/emplacement\/"},"modified":"2024-01-18T12:00:55","modified_gmt":"2024-01-18T11:00:55","slug":"standort","status":"publish","type":"page","link":"https:\/\/www.camping-villeneuvelezavignon.com\/de\/standort\/","title":{"rendered":"Standort"},"content":{"rendered":"<p>[vc_row el_class=&#8220;wrap center&#8220;][vc_column][vc_column_text]<\/p>\n<div class=\"vc_row wpb_row vc_inner vc_row-fluid wrap row960\">\n<div class=\"wpb_column vc_column_container vc_col-sm-12\">\n<div class=\"vc_column-inner \">\n<div class=\"wpb_wrapper\">\n<div class=\"wpb_text_column wpb_content_element vc_custom_1518892520484 center\">\n<div class=\"wpb_wrapper\">\n<p style=\"text-align: center;\"><span style=\"font-weight: 400;\">Kommen Sie und genie\u00dfen Sie im Herzen der Natur in Avignon unsere verschiedenen Arten von Orten mehr oder weniger im Schatten f\u00fcr Zelte, Wohnwagen und Wohnmobile.<\/span><\/p>\n<\/div>\n<\/div>\n<\/div>\n<\/div>\n<\/div>\n<\/div>\n<p>[\/vc_column_text][\/vc_column][\/vc_row][vc_row css=&#8220;.vc_custom_1520267780478{padding-top: 35px !important;}&#8220; el_class=&#8220;bgbeige&#8220;][vc_column][vc_row_inner el_class=&#8220;wrap center&#8220;][vc_column_inner width=&#8220;1\/2&#8243;][vc_single_image image=&#8220;669&#8243; img_size=&#8220;full&#8220;][\/vc_column_inner][vc_column_inner width=&#8220;1\/2&#8243; css=&#8220;.vc_custom_1520267335605{margin-right: 35px !important;margin-left: 35px !important;}&#8220;][vc_column_text el_class=&#8220;title border-bottom&#8220; css=&#8220;.vc_custom_1522938079707{margin-right: 35px !important;margin-left: 35px !important;padding-top: 40px !important;}&#8220;]<\/p>\n<h2 style=\"text-align: center;\">Unsere <strong>Standorte<\/strong><\/h2>\n<p>[\/vc_column_text][vc_column_text]<span style=\"font-weight: 400;\">Alle Campingpl\u00e4tze in Avignon im Gard sind ca. 100 m\u00b2 gro\u00df, wir bieten Pakete mit oder ohne Strom, spezielle Familien- und spezielle Radfahrer und Wanderer.<\/span><\/p>\n<p><span style=\"font-weight: 400;\">Der Campingplatz ist gr\u00fcn mit Hecken und gro\u00dfen B\u00e4umen, die einen willkommenen Schatten bieten. Die Pl\u00e4tze sind halbschattig und sehr angenehm sowohl in der Nebensaison als auch in der Hauptsaison &#8230;<\/span><\/p>\n<p><span style=\"font-weight: 400;\">Der Campingplatz Les Avignon verf\u00fcgt \u00fcber zwei gut auf dem Campingplatz verteilte Toiletten. Sie finden Duschen, Waschbecken, Toiletten, Waschmaschine und W\u00e4schebeh\u00e4lter.<\/span>[\/vc_column_text][\/vc_column_inner][\/vc_row_inner][vc_row_inner el_class=&#8220;wrap center&#8220;][vc_column_inner][vc_raw_html]JTNDdGhyLXNpbXBsZWJsb2NrJTIwY2F0ZWdvcnktdHlwZSUzRCUyMmNhbXBpbmclMjIlM0UlM0MlMkZ0aHItc2ltcGxlYmxvY2slM0U=[\/vc_raw_html][\/vc_column_inner][\/vc_row_inner][\/vc_column][\/vc_row][vc_row el_class=&#8220;bgbrown center&#8220; css=&#8220;.vc_custom_1522140059723{padding-top: 35px !important;}&#8220;][vc_column][vc_row_inner el_class=&#8220;wrap center&#8220;][vc_column_inner width=&#8220;1\/2&#8243;][vc_column_text el_class=&#8220;title border-bottom-white&#8220; css=&#8220;.vc_custom_1522938227571{margin-right: 35px !important;margin-bottom: 35px !important;margin-left: 35px !important;padding-top: 40px !important;}&#8220;]<\/p>\n<h2 style=\"text-align: center;\"><strong>&#8222;Komfort&#8220; <\/strong>Paketplatz<\/h2>\n<p>[\/vc_column_text][vc_column_text css=&#8220;.vc_custom_1522938266235{margin-right: 35px !important;margin-left: 35px !important;}&#8220;]Unser Campingplatz Les Avignon bietet Ihnen seine Komfortpl\u00e4tze. Sie sind perfekt f\u00fcr Camper, die Strom genie\u00dfen und einen komfortablen Urlaub genie\u00dfen m\u00f6chten. Diese Pl\u00e4tze von ca. 100m2 f\u00fcr Zelt, Wohnwagen oder Wohnmobil, 1 Fahrzeug bietet Platz f\u00fcr bis zu 6 Personen. Sie befinden sich auf unserem schattigen Campingplatz und sind ein idealer Ausgangspunkt, um das Gard und Villeneuve-lez-Avignon zu entdecken.[\/vc_column_text][\/vc_column_inner][vc_column_inner width=&#8220;1\/2&#8243;][vc_single_image image=&#8220;665&#8243; img_size=&#8220;full&#8220;][\/vc_column_inner][\/vc_row_inner][\/vc_column][\/vc_row][vc_row css=&#8220;.vc_custom_1520267279169{padding-top: 35px !important;}&#8220;][vc_column][vc_row_inner el_class=&#8220;wrap center&#8220;][vc_column_inner width=&#8220;1\/2&#8243;][vc_single_image image=&#8220;657&#8243; img_size=&#8220;full&#8220;][\/vc_column_inner][vc_column_inner width=&#8220;1\/2&#8243; css=&#8220;.vc_custom_1520267335605{margin-right: 35px !important;margin-left: 35px !important;}&#8220;][vc_column_text el_class=&#8220;title border-bottom&#8220; css=&#8220;.vc_custom_1522938312355{margin-right: 35px !important;margin-left: 35px !important;padding-top: 40px !important;}&#8220;]<\/p>\n<h2 style=\"text-align: center;\">Paketpaket <strong>&#8222;natur&#8220;<\/strong><\/h2>\n<p>[\/vc_column_text][vc_column_text]Diese Gras-Stellpl\u00e4tze haben eine Fl\u00e4che von ca. 100m2. Sie k\u00f6nnen zum Beispiel ein oder mehrere kleine Zelte, ein gro\u00dfes Zelt, einen Wohnwagen oder ein Wohnmobil installieren. Alle unsere Stellpl\u00e4tze bieten Platz f\u00fcr bis zu 6 Personen.<\/p>\n<p>Ohne Strom. Halbschattig, sind sie perfekt f\u00fcr einen Aufenthalt in der Natur im Gard und w\u00e4hrend des Avignon Festivals zu bleiben.[\/vc_column_text][\/vc_column_inner][\/vc_row_inner][\/vc_column][\/vc_row][vc_row el_class=&#8220;bgbrown center border-top-green&#8220;][vc_column][vc_row_inner el_class=&#8220;center wrap&#8220;][vc_column_inner width=&#8220;1\/2&#8243; offset=&#8220;vc_col-lg-5 vc_col-md-5 vc_col-xs-12&#8243;][vc_raw_html el_id=&#8220;facebook-wrap&#8220; el_class=&#8220;bgbeige&#8220;]JTNDZGl2JTIwaWQlM0QlMjJmYWNlYm9vay10aXRsZSUyMiUzRUZhY2Vib29rJTNDJTJGZGl2JTNFJTBBJTBBJTNDZGl2JTIwaWQlM0QlMjJmYWNlYm9vay1mcmFtZSUyMiUzRSUwQSUzQ2RpdiUyMGlkJTNEJTIyZmItcm9vdCUyMiUzRSUzQyUyRmRpdiUzRSUwQSUzQ3NjcmlwdCUzRSUyOGZ1bmN0aW9uJTI4ZCUyQyUyMHMlMkMlMjBpZCUyOSUyMCU3QiUwQSUyMCUyMHZhciUyMGpzJTJDJTIwZmpzJTIwJTNEJTIwZC5nZXRFbGVtZW50c0J5VGFnTmFtZSUyOHMlMjklNUIwJTVEJTNCJTBBJTIwJTIwaWYlMjAlMjhkLmdldEVsZW1lbnRCeUlkJTI4aWQlMjklMjklMjByZXR1cm4lM0IlMEElMjAlMjBqcyUyMCUzRCUyMGQuY3JlYXRlRWxlbWVudCUyOHMlMjklM0IlMjBqcy5pZCUyMCUzRCUyMGlkJTNCJTBBJTIwJTIwanMuc3JjJTIwJTNEJTIwJTI3aHR0cHMlM0ElMkYlMkZjb25uZWN0LmZhY2Vib29rLm5ldCUyRmZyX0ZSJTJGc2RrLmpzJTIzeGZibWwlM0QxJTI2dmVyc2lvbiUzRHYyLjExJTI2YXBwSWQlM0Q0MjUyMTg4MjEyMDMzNTclMjclM0IlMEElMjAlMjBmanMucGFyZW50Tm9kZS5pbnNlcnRCZWZvcmUlMjhqcyUyQyUyMGZqcyUyOSUzQiUwQSU3RCUyOGRvY3VtZW50JTJDJTIwJTI3c2NyaXB0JTI3JTJDJTIwJTI3ZmFjZWJvb2stanNzZGslMjclMjklMjklM0IlM0MlMkZzY3JpcHQlM0UlMEElM0NkaXYlMjBjbGFzcyUzRCUyMmZiLXBhZ2UlMjIlMjBkYXRhLWhyZWYlM0QlMjJodHRwcyUzQSUyRiUyRnd3dy5mYWNlYm9vay5jb20lMkZjYW1waW5nbGVzYXZpZ25vbiUyRiUyMiUyMGRhdGEtdGFicyUzRCUyMnRpbWVsaW5lJTIyJTIwZGF0YS1oZWlnaHQlM0QlMjIzMzIlMjIlMjBkYXRhLXNtYWxsLWhlYWRlciUzRCUyMmZhbHNlJTIyJTIwZGF0YS1hZGFwdC1jb250YWluZXItd2lkdGglM0QlMjJ0cnVlJTIyJTIwZGF0YS1oaWRlLWNvdmVyJTNEJTIyZmFsc2UlMjIlMjBkYXRhLXNob3ctZmFjZXBpbGUlM0QlMjJ0cnVlJTIyJTNFJTNDYmxvY2txdW90ZSUyMGNpdGUlM0QlMjJodHRwcyUzQSUyRiUyRnd3dy5mYWNlYm9vay5jb20lMkZjYW1waW5nbGVzYXZpZ25vbiUyRiUyMiUyMGNsYXNzJTNEJTIyZmIteGZibWwtcGFyc2UtaWdub3JlJTIyJTNFJTNDYSUyMGhyZWYlM0QlMjJodHRwcyUzQSUyRiUyRnd3dy5mYWNlYm9vay5jb20lMkZjYW1waW5nbGVzYXZpZ25vbiUyRiUyMiUzRUNhbXBpbmclMjBMZXMlMjBBdmlnbm9uJTNDJTJGYSUzRSUzQyUyRmJsb2NrcXVvdGUlM0UlM0MlMkZkaXYlM0UlMEElM0MlMkZkaXYlM0U=[\/vc_raw_html][\/vc_column_inner][vc_column_inner width=&#8220;1\/2&#8243; offset=&#8220;vc_col-lg-7 vc_col-md-7 vc_col-xs-12&#8243;][vc_column_text el_class=&#8220;title border-bottom-white&#8220; css=&#8220;.vc_custom_1522938357259{margin-right: 35px !important;margin-left: 35px !important;padding-top: 40px !important;}&#8220;]<\/p>\n<h2 style=\"text-align: center;\"><strong>Eine Frage?<\/strong> Kontaktieren Sie uns !<\/h2>\n<p>[\/vc_column_text][vc_raw_html el_id=&#8220;social-row social-box&#8220; el_class=&#8220;center&#8220;]JTBBJTNDZGl2JTIwY2xhc3MlM0QlMjJjb250YWN0LWZvb3QlMjIlM0UlMEElMEElMjAlMjAlMjAlMjAlM0NpJTIwY2xhc3MlM0QlMjJmYSUyMGZhLWVudmVsb3BlJTIyJTNFJTNDJTJGaSUzRSUyMCUzQ3NwYW4lM0VjYW1waW5nbGVzYXZpZ25vbiU0MGdtYWlsLmNvbSUzQyUyRnNwYW4lM0UlMEElMEElM0MlMkZkaXYlM0UlMEElMEElM0NkaXYlMjBjbGFzcyUzRCUyMmNvbnRhY3QtZm9vdCUyMiUzRSUwQSUwQSUyMCUyMCUyMCUyMCUzQ2klMjBjbGFzcyUzRCUyMmZhJTIwZmEtbWFwLW1hcmtlciUyMiUzRSUzQyUyRmklM0UlMjAlM0NzcGFuJTNFQ2hlbWluJTIwZGUlMjBTYWludCUyMEhvbm9yJUMzJUE5JTNDYnIlMkYlM0UzMDQwMCUyMFZpbGxlbmV1dmUtbCVDMyVBOHMtQXZpZ25vbiUzQyUyRnNwYW4lM0UlMEElMEElM0MlMkZkaXYlM0UlMEElMEElM0NkaXYlMjBjbGFzcyUzRCUyMmNvbnRhY3QtZm9vdCUyMiUzRSUwQSUwQSUyMCUyMCUyMCUyMCUzQ2klMjBjbGFzcyUzRCUyMmZhJTIwZmEtcGhvbmUlMjIlM0UlM0MlMkZpJTNFJTIwJTNDc3BhbiUzRSUyQjMzJTIwJTI4MCUyOTQlMjA5MCUyMDI1JTIwNzYlMjAwNiUzQyUyRnNwYW4lM0UlMEElMEElM0MlMkZkaXYlM0UlMEElMEE=[\/vc_raw_html][\/vc_column_inner][\/vc_row_inner][\/vc_column][\/vc_row]<\/p>\n","protected":false},"excerpt":{"rendered":"<p>[vc_row el_class=&#8220;wrap center&#8220;][vc_column][vc_column_text] Kommen Sie und genie\u00dfen Sie im Herzen [&hellip;]<\/p>\n<a href=\"https:\/\/www.camping-villeneuvelezavignon.com\/de\/standort\/\">View Post<\/a>","protected":false},"author":1,"featured_media":2199,"parent":0,"menu_order":0,"comment_status":"closed","ping_status":"closed","template":"page-templates\/full.php","meta":{"_acf_changed":false,"footnotes":""},"class_list":["post-1293","page","type-page","status-publish","has-post-thumbnail","hentry"],"acf":[],"yoast_head":"<!-- This site is optimized with the Yoast SEO plugin v25.3 - https:\/\/yoast.com\/wordpress\/plugins\/seo\/ -->\n<title>Mietcampingplatz im Gard, in der N\u00e4he von Avignon<\/title>\n<meta name=\"robots\" content=\"index, follow, max-snippet:-1, max-image-preview:large, max-video-preview:-1\" \/>\n<link rel=\"canonical\" href=\"https:\/\/www.camping-villeneuvelezavignon.com\/de\/standort\/\" \/>\n<meta name=\"twitter:card\" content=\"summary_large_image\" \/>\n<meta name=\"twitter:title\" content=\"Mietcampingplatz im Gard, in der N\u00e4he von Avignon\" \/>\n<meta name=\"twitter:description\" content=\"[vc_row el_class=&#8220;wrap center&#8220;][vc_column][vc_column_text] Kommen Sie und genie\u00dfen Sie im Herzen [&hellip;]\" \/>\n<meta name=\"twitter:image\" content=\"https:\/\/www.camping-villeneuvelezavignon.com\/wp-content\/uploads\/2023\/05\/Camping-Lez-Avignon-05-2018-41.jpg\" \/>\n<meta name=\"twitter:label1\" content=\"Gesch\u00e4tzte Lesezeit\" \/>\n\t<meta name=\"twitter:data1\" content=\"2\u00a0Minuten\" \/>\n<script type=\"application\/ld+json\" class=\"yoast-schema-graph\">{\"@context\":\"https:\/\/schema.org\",\"@graph\":[{\"@type\":\"WebPage\",\"@id\":\"https:\/\/www.camping-villeneuvelezavignon.com\/de\/standort\/\",\"url\":\"https:\/\/www.camping-villeneuvelezavignon.com\/de\/standort\/\",\"name\":\"Mietcampingplatz im Gard, in der N\u00e4he von Avignon\",\"isPartOf\":{\"@id\":\"https:\/\/www.camping-villeneuvelezavignon.com\/#website\"},\"primaryImageOfPage\":{\"@id\":\"https:\/\/www.camping-villeneuvelezavignon.com\/de\/standort\/#primaryimage\"},\"image\":{\"@id\":\"https:\/\/www.camping-villeneuvelezavignon.com\/de\/standort\/#primaryimage\"},\"thumbnailUrl\":\"https:\/\/www.camping-villeneuvelezavignon.com\/wp-content\/uploads\/2023\/05\/Camping-Lez-Avignon-05-2018-41.jpg\",\"datePublished\":\"2018-03-26T14:52:38+00:00\",\"dateModified\":\"2024-01-18T11:00:55+00:00\",\"breadcrumb\":{\"@id\":\"https:\/\/www.camping-villeneuvelezavignon.com\/de\/standort\/#breadcrumb\"},\"inLanguage\":\"de\",\"potentialAction\":[{\"@type\":\"ReadAction\",\"target\":[\"https:\/\/www.camping-villeneuvelezavignon.com\/de\/standort\/\"]}]},{\"@type\":\"ImageObject\",\"inLanguage\":\"de\",\"@id\":\"https:\/\/www.camping-villeneuvelezavignon.com\/de\/standort\/#primaryimage\",\"url\":\"https:\/\/www.camping-villeneuvelezavignon.com\/wp-content\/uploads\/2023\/05\/Camping-Lez-Avignon-05-2018-41.jpg\",\"contentUrl\":\"https:\/\/www.camping-villeneuvelezavignon.com\/wp-content\/uploads\/2023\/05\/Camping-Lez-Avignon-05-2018-41.jpg\",\"width\":1428,\"height\":952},{\"@type\":\"BreadcrumbList\",\"@id\":\"https:\/\/www.camping-villeneuvelezavignon.com\/de\/standort\/#breadcrumb\",\"itemListElement\":[{\"@type\":\"ListItem\",\"position\":1,\"name\":\"Camping Avignon\",\"item\":\"https:\/\/www.camping-villeneuvelezavignon.com\/de\/\"},{\"@type\":\"ListItem\",\"position\":2,\"name\":\"Standort\"}]},{\"@type\":\"WebSite\",\"@id\":\"https:\/\/www.camping-villeneuvelezavignon.com\/#website\",\"url\":\"https:\/\/www.camping-villeneuvelezavignon.com\/\",\"name\":\"Camping Les Avignon\",\"description\":\"\",\"potentialAction\":[{\"@type\":\"SearchAction\",\"target\":{\"@type\":\"EntryPoint\",\"urlTemplate\":\"https:\/\/www.camping-villeneuvelezavignon.com\/?s={search_term_string}\"},\"query-input\":{\"@type\":\"PropertyValueSpecification\",\"valueRequired\":true,\"valueName\":\"search_term_string\"}}],\"inLanguage\":\"de\"}]}<\/script>\n<!-- \/ Yoast SEO plugin. -->","yoast_head_json":{"title":"Mietcampingplatz im Gard, in der N\u00e4he von Avignon","robots":{"index":"index","follow":"follow","max-snippet":"max-snippet:-1","max-image-preview":"max-image-preview:large","max-video-preview":"max-video-preview:-1"},"canonical":"https:\/\/www.camping-villeneuvelezavignon.com\/de\/standort\/","twitter_card":"summary_large_image","twitter_title":"Mietcampingplatz im Gard, in der N\u00e4he von Avignon","twitter_description":"[vc_row el_class=&#8220;wrap center&#8220;][vc_column][vc_column_text] Kommen Sie und genie\u00dfen Sie im Herzen [&hellip;]","twitter_image":"https:\/\/www.camping-villeneuvelezavignon.com\/wp-content\/uploads\/2023\/05\/Camping-Lez-Avignon-05-2018-41.jpg","twitter_misc":{"Gesch\u00e4tzte Lesezeit":"2\u00a0Minuten"},"schema":{"@context":"https:\/\/schema.org","@graph":[{"@type":"WebPage","@id":"https:\/\/www.camping-villeneuvelezavignon.com\/de\/standort\/","url":"https:\/\/www.camping-villeneuvelezavignon.com\/de\/standort\/","name":"Mietcampingplatz im Gard, in der N\u00e4he von Avignon","isPartOf":{"@id":"https:\/\/www.camping-villeneuvelezavignon.com\/#website"},"primaryImageOfPage":{"@id":"https:\/\/www.camping-villeneuvelezavignon.com\/de\/standort\/#primaryimage"},"image":{"@id":"https:\/\/www.camping-villeneuvelezavignon.com\/de\/standort\/#primaryimage"},"thumbnailUrl":"https:\/\/www.camping-villeneuvelezavignon.com\/wp-content\/uploads\/2023\/05\/Camping-Lez-Avignon-05-2018-41.jpg","datePublished":"2018-03-26T14:52:38+00:00","dateModified":"2024-01-18T11:00:55+00:00","breadcrumb":{"@id":"https:\/\/www.camping-villeneuvelezavignon.com\/de\/standort\/#breadcrumb"},"inLanguage":"de","potentialAction":[{"@type":"ReadAction","target":["https:\/\/www.camping-villeneuvelezavignon.com\/de\/standort\/"]}]},{"@type":"ImageObject","inLanguage":"de","@id":"https:\/\/www.camping-villeneuvelezavignon.com\/de\/standort\/#primaryimage","url":"https:\/\/www.camping-villeneuvelezavignon.com\/wp-content\/uploads\/2023\/05\/Camping-Lez-Avignon-05-2018-41.jpg","contentUrl":"https:\/\/www.camping-villeneuvelezavignon.com\/wp-content\/uploads\/2023\/05\/Camping-Lez-Avignon-05-2018-41.jpg","width":1428,"height":952},{"@type":"BreadcrumbList","@id":"https:\/\/www.camping-villeneuvelezavignon.com\/de\/standort\/#breadcrumb","itemListElement":[{"@type":"ListItem","position":1,"name":"Camping Avignon","item":"https:\/\/www.camping-villeneuvelezavignon.com\/de\/"},{"@type":"ListItem","position":2,"name":"Standort"}]},{"@type":"WebSite","@id":"https:\/\/www.camping-villeneuvelezavignon.com\/#website","url":"https:\/\/www.camping-villeneuvelezavignon.com\/","name":"Camping Les Avignon","description":"","potentialAction":[{"@type":"SearchAction","target":{"@type":"EntryPoint","urlTemplate":"https:\/\/www.camping-villeneuvelezavignon.com\/?s={search_term_string}"},"query-input":{"@type":"PropertyValueSpecification","valueRequired":true,"valueName":"search_term_string"}}],"inLanguage":"de"}]}},"_links":{"self":[{"href":"https:\/\/www.camping-villeneuvelezavignon.com\/de\/wp-json\/wp\/v2\/pages\/1293"}],"collection":[{"href":"https:\/\/www.camping-villeneuvelezavignon.com\/de\/wp-json\/wp\/v2\/pages"}],"about":[{"href":"https:\/\/www.camping-villeneuvelezavignon.com\/de\/wp-json\/wp\/v2\/types\/page"}],"author":[{"embeddable":true,"href":"https:\/\/www.camping-villeneuvelezavignon.com\/de\/wp-json\/wp\/v2\/users\/1"}],"replies":[{"embeddable":true,"href":"https:\/\/www.camping-villeneuvelezavignon.com\/de\/wp-json\/wp\/v2\/comments?post=1293"}],"version-history":[{"count":11,"href":"https:\/\/www.camping-villeneuvelezavignon.com\/de\/wp-json\/wp\/v2\/pages\/1293\/revisions"}],"predecessor-version":[{"id":2593,"href":"https:\/\/www.camping-villeneuvelezavignon.com\/de\/wp-json\/wp\/v2\/pages\/1293\/revisions\/2593"}],"wp:featuredmedia":[{"embeddable":true,"href":"https:\/\/www.camping-villeneuvelezavignon.com\/de\/wp-json\/wp\/v2\/media\/2199"}],"wp:attachment":[{"href":"https:\/\/www.camping-villeneuvelezavignon.com\/de\/wp-json\/wp\/v2\/media?parent=1293"}],"curies":[{"name":"wp","href":"https:\/\/api.w.org\/{rel}","templated":true}]}}